{"id":9934,"date":"2023-09-01T04:18:16","date_gmt":"2023-09-01T08:18:16","guid":{"rendered":"https:\/\/www.chnnyc.org\/politica-de-privacidad\/"},"modified":"2025-02-03T09:46:47","modified_gmt":"2025-02-03T14:46:47","slug":"politica-de-privacidad","status":"publish","type":"page","link":"https:\/\/www.chnnyc.org\/es\/politica-de-privacidad\/","title":{"rendered":"Pol\u00edtica de privacidad"},"content":{"rendered":"\t\t<div data-elementor-type=\"wp-page\" data-elementor-id=\"9934\" class=\"elementor elementor-9934 elementor-5885\" data-elementor-post-type=\"page\">\n\t\t\t\t<div class=\"elementor-element elementor-element-5569b280 e-flex e-con-boxed e-con e-parent\" data-id=\"5569b280\" data-element_type=\"container\" data-e-type=\"container\">\n\t\t\t\t\t<div class=\"e-con-inner\">\n\t\t\t\t<div class=\"elementor-element elementor-element-75c53bf8 elementor-widget elementor-widget-text-editor\" data-id=\"75c53bf8\" data-element_type=\"widget\" data-e-type=\"widget\" data-widget_type=\"text-editor.default\">\n\t\t\t\t\t\t\t\t\t<h1 class=\"text-center\">Pol\u00edtica de privacidad<\/h1>\n<h2>POL\u00cdTICA DE PRIVACIDAD DEL SITIO WEB<\/h2>\n<p>Tu privacidad es importante para nosotros en Community Healthcare Network.<br>\nEntendemos que la salud es un tema muy personal y privado, y queremos que te sientas lo m\u00e1s c\u00f3modo posible visitando chnnyc.org (el \u00abSitio Web\u00bb) y utilizando sus servicios.<br>\nEsta Pol\u00edtica de Privacidad del Sitio Web explicar\u00e1 qu\u00e9 informaci\u00f3n recogemos sobre ti y sobre el uso que hacemos de nuestro Sitio Web.<br>\nExplicar\u00e1 c\u00f3mo protegemos esa informaci\u00f3n y qu\u00e9 opciones tienes sobre c\u00f3mo se utiliza.<br>\nTu uso continuado de nuestro Sitio Web y tu env\u00edo de cualquier informaci\u00f3n a nosotros indica que has le\u00eddo, entendido y est\u00e1s de acuerdo con nuestra Pol\u00edtica de Privacidad del Sitio Web.<\/p><p><br><\/p>\n<h2>INFORMACI\u00d3N QUE RECOGEMOS<\/h2>\n<p><strong>Informaci\u00f3n que nos facilitasRecibimos<\/strong>y podemos conservar la informaci\u00f3n que nos facilitaste cuando accediste a nuestro Portal del Paciente, te preinscribiste o solicitaste una cita.<br>\nEsta informaci\u00f3n puede incluir:<\/p>\n<ul>\n<li>Tu nombre<\/li>\n<li>Tu lugar de trabajo<\/li>\n<li>Tu direcci\u00f3n postal<\/li>\n<li>Tu mes y a\u00f1o de nacimiento<\/li>\n<li>Tu direcci\u00f3n de correo electr\u00f3nico<\/li>\n<li>La informaci\u00f3n tambi\u00e9n puede incluir cualquier otra informaci\u00f3n personal que decidas facilitarnos.<\/li>\n<\/ul>\n<p><strong>Cookies:<\/strong>Al visitar sitios dentro del dominio chnnyc.org, ocasionalmente puedes encontrar una p\u00e1gina Web que emplee \u00abcookies\u00bb.<br>\nUna cookie es un peque\u00f1o archivo que un sitio Web transfiere al disco duro de tu ordenador y que permite a nuestro servidor \u00abrecordar\u00bb informaci\u00f3n espec\u00edfica sobre tu sesi\u00f3n mientras est\u00e1s conectado.&nbsp;<strong>Portal del PacienteNuestro<\/strong>portal del paciente utiliza la aplicaci\u00f3n Healow, y puedes acceder a \u00e9l aqu\u00ed: P\u00e1gina de inicio de sesi\u00f3n del portal del paciente (eclinicalweb.com).&nbsp;<strong>Alertas m\u00f3vilesCommunity<\/strong>Healthcare Network utiliza alertas m\u00f3viles para enviar mensajes de texto a los pacientes sobre consejos de bienestar\/nutrici\u00f3n, anuncios de servicios\/programas y actualizaciones importantes de CHN.<br>\nNunca compartiremos ninguna informaci\u00f3n sanitaria protegida a trav\u00e9s de las Alertas M\u00f3viles.<br>\nPuedes darte de baja de este programa en cualquier momento.<\/p>\n<ol>\n<li>Community Healthcare Network no cobra por recibir mensajes de texto.<br>\nPueden aplicarse tarifas de mensajes y datos, que puedes consultar con tu proveedor de servicios m\u00f3viles.<br>\nLos cargos se facturan y se pagan a tu proveedor de servicios m\u00f3viles o se deducen de tu cuenta de prepago.<br>\nEl consentimiento para participar en las Alertas M\u00f3viles es puramente opcional.<\/li>\n<li>Los datos obtenidos de ti en relaci\u00f3n con este servicio de SMS pueden incluir tu n\u00famero de tel\u00e9fono m\u00f3vil, el nombre de tu operador y la fecha, hora y contenido de tus mensajes.<br>\nPodemos utilizar esta informaci\u00f3n para ponernos en contacto contigo y prestarte los servicios que nos solicites.<br>\nLas alertas enviadas por SMS pueden no ser entregadas si el tel\u00e9fono m\u00f3vil no est\u00e1 dentro del alcance de un sitio de transmisi\u00f3n, o si no hay suficiente capacidad de red disponible en un momento determinado.<br>\nIncluso dentro de una zona de cobertura, hay factores que escapan al control del operador de telefon\u00eda m\u00f3vil y que pueden interferir en la entrega de los mensajes, como el equipo del cliente, el terreno, la proximidad a edificios, el follaje y las condiciones meteorol\u00f3gicas.<br>\nLos operadores de telefon\u00eda m\u00f3vil no garantizan la entrega de los mensajes y no ser\u00e1n responsables de los mensajes retrasados o no entregados.<\/li>\n<li>No seremos responsables de ning\u00fan retraso en la recepci\u00f3n de ning\u00fan mensaje SMS, ya que la entrega est\u00e1 sujeta a la transmisi\u00f3n efectiva por parte de tu operador de red.<\/li>\n<li>Al suscribirse a las alertas m\u00f3viles de Community Healthcare Network, el usuario da su consentimiento para recibir mensajes de texto automatizados sobre consejos de bienestar\/nutrici\u00f3n, anuncios de servicios\/programas y actualizaciones importantes de CHN.<br>\nMensajes recurrentes.<br>\nPueden aplicarse tarifas de mensajes y datos.&nbsp;<p><\/p>\n<\/li><ol>\n<li>Si tienes alguna pregunta, env\u00eda un mensaje de texto de AYUDA al n\u00famero del que recibiste un mensaje de texto o ponte en contacto con nosotros en o&nbsp;marketing@chnnyc.org.<br>\nPara dejar de recibir mensajes responde STOP.<\/li>\n<\/ol>\n\n<\/ol><div><br><\/div>\n<h2>HIPAA E INFORMACI\u00d3N SANITARIA PROTEGIDA<\/h2>\n<p>Consulta el Aviso de pr\u00e1cticas de privacidad de Community Health Network, al que puedes acceder en esta p\u00e1gina.<\/p><p><br><\/p>\n<h2>UNA VEZ RECIBIDA LA INFORMACI\u00d3N, \u00bfC\u00d3MO SE COMPARTE?<\/h2>\n<p><strong>Dentro de<\/strong>Community Healthcare NetworkPodemos compartir la informaci\u00f3n que recopilamos dentro de Community Healthcare Network.<br>\nLa informaci\u00f3n que nos proporcione y la informaci\u00f3n sobre cualquier afiliaci\u00f3n u otra transacci\u00f3n puede combinarse con otra informaci\u00f3n de identificaci\u00f3n personal disponible en nuestros registros y otras fuentes.&nbsp;<strong>Agencias gubernamentalesPodemos<\/strong>compartir informaci\u00f3n con agencias gubernamentales cuando (1) lo permita o lo exija la ley, o (2) estemos intentando protegernos contra o prevenir un fraude real o potencial o transacciones no autorizadas, o (3) estemos investigando un fraude que ya se haya producido.&nbsp;<strong>Tu consentimientoAl<\/strong>compartir informaci\u00f3n con nosotros, aceptas que Community Healthcare Network pueda utilizar la informaci\u00f3n recopilada o enviada tal y como se describe en esta Pol\u00edtica de Privacidad del Sitio Web.<br>\nEs posible que modifiquemos o completemos esta Pol\u00edtica de privacidad del sitio web, por lo que te recomendamos que la revises peri\u00f3dicamente.<br>\nAdem\u00e1s, de vez en cuando, podemos utilizar la informaci\u00f3n de los clientes para cuestiones nuevas e imprevistas que no se hayan divulgado previamente en nuestro aviso de privacidad.<br>\nSi nuestras pr\u00e1cticas de informaci\u00f3n cambian en alg\u00fan momento en el futuro, publicaremos los cambios de pol\u00edtica en nuestro Sitio Web para notificarte dichos cambios.<\/p><p><br><\/p>\n<h2>SEGURIDAD<\/h2>\n<p>Este sitio cuenta con medidas de seguridad dise\u00f1adas para proteger contra la p\u00e9rdida, el uso indebido y la alteraci\u00f3n de la informaci\u00f3n bajo nuestro control mediante un servidor seguro.<br>\nEl software de servidor seguro (SSL) encripta toda la informaci\u00f3n antes de que se env\u00ede entre t\u00fa y chnnyc.org.<br>\nAunque los formularios que utilizas est\u00e1n detr\u00e1s de un sitio seguro, el correo electr\u00f3nico no es seguro.&nbsp;<strong>Redes publicitariasNo<\/strong>estamos asociados ni tenemos relaciones especiales con ninguna empresa de redes publicitarias.<br>\nEsto significa que no facilitamos tu informaci\u00f3n a terceros con fines publicitarios o de marketing.&nbsp;<strong>Elecci\u00f3n\/Opci\u00f3n de exclusi\u00f3nEste<\/strong>sitio web ofrece a los usuarios la opci\u00f3n de eliminar su informaci\u00f3n de nuestra base de datos, o de no recibir futuras comunicaciones.<br>\nSi tienes problemas para localizar estos mecanismos que te permiten hacer lo anterior, puedes enviar un correo electr\u00f3nico a&nbsp;feedback@chnnyc.org&nbsp;para obtener ayuda.&nbsp;<strong>Cambios en la declaraci\u00f3n de pol\u00edtica de privacidad de nuestro sitio web:<\/strong>De vez en cuando, podemos utilizar la informaci\u00f3n de los clientes para cuestiones nuevas e imprevistas que no se hayan revelado previamente en nuestro aviso de privacidad.<br>\nSi nuestras pr\u00e1cticas de informaci\u00f3n cambian en alg\u00fan momento en el futuro, publicaremos los cambios de pol\u00edtica en nuestro Sitio Web para notificarte estos cambios y ofrecerte la posibilidad de excluirte de estos nuevos usos.<br>\nSi te preocupa c\u00f3mo se utiliza tu informaci\u00f3n, deber\u00edas volver a consultar nuestro Sitio Web peri\u00f3dicamente.<br>\nLA INFORMACI\u00d3N PROPORCIONADA POR ESTE SITIO WEB NO EST\u00c1 DESTINADA A SER UTILIZADA PARA DIAGNOSTICAR O TRATAR UNA AFECCI\u00d3N M\u00c9DICA.<br>\nCONSULTA SIEMPRE A UN M\u00c9DICO SOBRE CUALQUIER AFECCI\u00d3N O TRATAMIENTO M\u00c9DICO.<br>\nLA INFORMACI\u00d3N DE ESTE SITIO WEB SE PROPORCIONA \u00abTAL CUAL\u00bb.<br>\nNADIE REPRESENTA NI GARANTIZA DICHA INFORMACI\u00d3N, Y COMMUNITY HEALTHCARE NETWORK RECHAZA ESPEC\u00cdFICAMENTE CUALQUIER GARANT\u00cdA EXPRESA O IMPL\u00cdCITA, INCLUYENDO SIN LIMITACI\u00d3N CUALQUIER GARANT\u00cdA IMPL\u00cdCITA DE COMERCIABILIDAD, IDONEIDAD PARA UN USO PARTICULAR, NO INFRACCI\u00d3N DE NING\u00daN COPYRIGHT U OTRO DERECHO, EXACTITUD O EXHAUSTIVIDAD.<br>\nAL ACCEDER Y UTILIZAR ESTE SITIO WEB, RENUNCIAS A CUALQUIER RECLAMACI\u00d3N QUE PUDIERAS TENER O HACER CONTRA NOSOTROS COMO RESULTADO DE TU USO DE ESTE SITIO WEB Y RENUNCIAS A CUALQUIER RESPONSABILIDAD QUE PUDI\u00c9RAMOS TENER (TANTO SI DICHA RESPONSABILIDAD ES POR DA\u00d1OS DIRECTOS, INDIRECTOS, ESPECIALES, INCIDENTALES, CONSECUENTES O DE OTRO TIPO) POR CUALQUIER RECLAMACI\u00d3N DE ESTE TIPO.<br>\nTODA LA INFORMACI\u00d3N CONTENIDA EN ESTE SITIO WEB (SALVO LOS ENLACES) ES PROPIEDAD DE O EST\u00c1 AUTORIZADA PARA SU USO EN EL SITIO WEB.<br>\nCONSERVAMOS TODOS LOS DERECHOS DE PROPIEDAD INCLUYENDO, SIN LIMITACI\u00d3N, LOS DERECHOS DE AUTOR DE LA INFORMACI\u00d3N DEL SITIO WEB.<br>\nPUEDES IMPRIMIR O DESCARGAR LA INFORMACI\u00d3N S\u00d3LO PARA USO PERSONAL.<br>\nLA INFORMACI\u00d3N PROPORCIONADA EN EL SITIO WEB NO PUEDE REPRODUCIRSE, TRANSMITIRSE, DESCARGARSE, DISTRIBUIRSE NI MOSTRARSE DE NINGUNA OTRA FORMA SIN NUESTRO CONSENTIMIENTO EXPRESO.<\/p>\t\t\t\t\t\t\t\t<\/div>\n\t\t\t\t\t<\/div>\n\t\t\t\t<\/div>\n\t\t\t\t<\/div>\n\t\t","protected":false},"excerpt":{"rendered":"<p>Pol\u00edtica de privacidad POL\u00cdTICA DE PRIVACIDAD DEL SITIO WEB Tu privacidad es importante para nosotros en Community Healthcare Network. Entendemos que la salud es un tema muy personal y privado, y queremos que te sientas lo m\u00e1s c\u00f3modo posible visitando chnnyc.org (el \u00abSitio Web\u00bb) y utilizando sus servicios. Esta Pol\u00edtica de Privacidad del Sitio Web [&hellip;]<\/p>\n","protected":false},"author":16,"featured_media":0,"parent":0,"menu_order":0,"comment_status":"closed","ping_status":"closed","template":"elementor_header_footer","meta":{"footnotes":""},"class_list":["post-9934","page","type-page","status-publish","hentry"],"_links":{"self":[{"href":"https:\/\/www.chnnyc.org\/es\/wp-json\/wp\/v2\/pages\/9934","targetHints":{"allow":["GET"]}}],"collection":[{"href":"https:\/\/www.chnnyc.org\/es\/wp-json\/wp\/v2\/pages"}],"about":[{"href":"https:\/\/www.chnnyc.org\/es\/wp-json\/wp\/v2\/types\/page"}],"author":[{"embeddable":true,"href":"https:\/\/www.chnnyc.org\/es\/wp-json\/wp\/v2\/users\/16"}],"replies":[{"embeddable":true,"href":"https:\/\/www.chnnyc.org\/es\/wp-json\/wp\/v2\/comments?post=9934"}],"version-history":[{"count":0,"href":"https:\/\/www.chnnyc.org\/es\/wp-json\/wp\/v2\/pages\/9934\/revisions"}],"wp:attachment":[{"href":"https:\/\/www.chnnyc.org\/es\/wp-json\/wp\/v2\/media?parent=9934"}],"curies":[{"name":"wp","href":"https:\/\/api.w.org\/{rel}","templated":true}]}}