{"id":8529,"date":"2023-12-12T17:31:25","date_gmt":"2023-12-12T22:31:25","guid":{"rendered":"https:\/\/www.chnnyc.org\/donar-2\/"},"modified":"2025-01-31T16:42:02","modified_gmt":"2025-01-31T21:42:02","slug":"donar","status":"publish","type":"page","link":"https:\/\/www.chnnyc.org\/es\/donar\/","title":{"rendered":"Donar"},"content":{"rendered":"\t\t<div data-elementor-type=\"wp-page\" data-elementor-id=\"8529\" class=\"elementor elementor-8529 elementor-8260\" data-elementor-post-type=\"page\">\n\t\t\t\t<div class=\"elementor-element elementor-element-0fad780 e-flex e-con-boxed e-con e-parent\" data-id=\"0fad780\" data-element_type=\"container\" data-e-type=\"container\" data-settings=\"{&quot;background_background&quot;:&quot;classic&quot;}\">\n\t\t\t\t\t<div class=\"e-con-inner\">\n\t\t\t\t<div class=\"elementor-element elementor-element-ba02ced elementor-widget elementor-widget-heading\" data-id=\"ba02ced\" data-element_type=\"widget\" data-e-type=\"widget\" data-widget_type=\"heading.default\">\n\t\t\t\t\t<h3 class=\"elementor-heading-title elementor-size-default\">Elige una cantidad para donar<\/h3>\t\t\t\t<\/div>\n\t\t\t\t<div class=\"elementor-element elementor-element-a2fd4d4 elementor-widget elementor-widget-html\" data-id=\"a2fd4d4\" data-element_type=\"widget\" data-e-type=\"widget\" data-widget_type=\"html.default\">\n\t\t\t\t\t<!-- Begin Give Lively Fundraising Widget -->\n\n<script>gl=document.createElement('script');gl.src='https:\/\/secure.givelively.org\/widgets\/simple_donation\/community-healthcare-network-inc.js?show_suggested_amount_buttons=true&show_in_honor_of=true&address_required=false&has_required_custom_question=null&suggested_donation_amounts[]=50&suggested_donation_amounts[]=100&suggested_donation_amounts[]=150&suggested_donation_amounts[]=200';document.getElementsByTagName('head')[0].appendChild(gl);<\/script><div id=\"give-lively-widget\" class=\"gl-simple-donation-widget\"><\/div>\n\n<!-- End Give Lively Fundraising Widget -->\t\t\t\t<\/div>\n\t\t\t\t\t<\/div>\n\t\t\t\t<\/div>\n\t\t<div class=\"elementor-element elementor-element-505e74c e-flex e-con-boxed e-con e-parent\" data-id=\"505e74c\" data-element_type=\"container\" data-e-type=\"container\">\n\t\t\t\t\t<div class=\"e-con-inner\">\n\t\t\t\t<div class=\"elementor-element elementor-element-6b7e5aa6 elementor-widget elementor-widget-text-editor\" data-id=\"6b7e5aa6\" data-element_type=\"widget\" data-e-type=\"widget\" data-widget_type=\"text-editor.default\">\n\t\t\t\t\t\t\t\t\t<div class=\"row no-gutters content-centered\"><div class=\"col-10 col-md-4 mx-auto order-2 order-md-1\"><h2 class=\"text-center  title-color-black\" style=\"text-align: center;\">Financiadores<\/h2><\/div><\/div><div class=\"row no-gutters content-centered\"><div class=\"col-10 col-md-5 mx-auto order-2 order-md-1\"><div class=\"content\"><p style=\"text-align: center;\">Ay\u00fadanos a ayudar a Nueva York<\/p><p style=\"text-align: center;\">La calidad de la atenci\u00f3n y los servicios que prestamos a nuestras comunidades es posible gracias a la financiaci\u00f3n y el apoyo de:<\/p><\/div><\/div><\/div><ul><li>Ample Table for Everyone<\/li><li>Delta Dental<\/li><li>Federation of Protestant Welfare Agencies (FPWA)<\/li><li>Fidelity Foundation<\/li><li>Fund for Public Health in New York<\/li><li>Gilead Sciences<\/li><li>Health Research, Inc.<\/li><li>Health Resources and Services Administration (HRSA)<\/li><li>Healthfirst<\/li><li>Ira W. DeCamp Foundation<\/li><li>Janssen Pharmaceuticals<\/li><li>New York AIDS Fund<\/li><li>New York City Council<\/li><li>New York City Department of Health and Mental Hygiene<\/li><li>New York Community Trust<\/li><li>New York State Department of Health<\/li><li>New York State Department of Health \u2013 AIDS Institute<\/li><li>New York State Health Foundation<\/li><li>OraSure<\/li><li>Public Health Solutions<\/li><li>The Fan Fox and Leslie R. Samuels Foundation, Inc.<\/li><li>The Keith Haring Foundation<\/li><\/ul>\t\t\t\t\t\t\t\t<\/div>\n\t\t\t\t\t<\/div>\n\t\t\t\t<\/div>\n\t\t\t\t<\/div>\n\t\t","protected":false},"excerpt":{"rendered":"<p>Elige una cantidad para donar Financiadores Ay\u00fadanos a ayudar a Nueva York La calidad de la atenci\u00f3n y los servicios que prestamos a nuestras comunidades es posible gracias a la financiaci\u00f3n y el apoyo de: Ample Table for Everyone Delta Dental Federation of Protestant Welfare Agencies (FPWA) Fidelity Foundation Fund for Public Health in New [&hellip;]<\/p>\n","protected":false},"author":9,"featured_media":7016,"parent":0,"menu_order":0,"comment_status":"closed","ping_status":"closed","template":"","meta":{"footnotes":""},"class_list":["post-8529","page","type-page","status-publish","has-post-thumbnail","hentry"],"_links":{"self":[{"href":"https:\/\/www.chnnyc.org\/es\/wp-json\/wp\/v2\/pages\/8529","targetHints":{"allow":["GET"]}}],"collection":[{"href":"https:\/\/www.chnnyc.org\/es\/wp-json\/wp\/v2\/pages"}],"about":[{"href":"https:\/\/www.chnnyc.org\/es\/wp-json\/wp\/v2\/types\/page"}],"author":[{"embeddable":true,"href":"https:\/\/www.chnnyc.org\/es\/wp-json\/wp\/v2\/users\/9"}],"replies":[{"embeddable":true,"href":"https:\/\/www.chnnyc.org\/es\/wp-json\/wp\/v2\/comments?post=8529"}],"version-history":[{"count":0,"href":"https:\/\/www.chnnyc.org\/es\/wp-json\/wp\/v2\/pages\/8529\/revisions"}],"wp:featuredmedia":[{"embeddable":true,"href":"https:\/\/www.chnnyc.org\/es\/wp-json\/wp\/v2\/media\/7016"}],"wp:attachment":[{"href":"https:\/\/www.chnnyc.org\/es\/wp-json\/wp\/v2\/media?parent=8529"}],"curies":[{"name":"wp","href":"https:\/\/api.w.org\/{rel}","templated":true}]}}