{"id":8434,"date":"2023-09-04T17:28:19","date_gmt":"2023-09-04T21:28:19","guid":{"rendered":"https:\/\/www.chnnyc.org\/programa-de-monitorizacion-remota-de-pacientes-rpm\/"},"modified":"2025-02-03T10:28:38","modified_gmt":"2025-02-03T15:28:38","slug":"programa-de-monitorizacion-remota-de-pacientes-rpm","status":"publish","type":"page","link":"https:\/\/www.chnnyc.org\/es\/programa-de-monitorizacion-remota-de-pacientes-rpm\/","title":{"rendered":"Programa de Monitorizaci\u00f3n Remota de Pacientes (RPM)"},"content":{"rendered":"\t\t<div data-elementor-type=\"wp-page\" data-elementor-id=\"8434\" class=\"elementor elementor-8434 elementor-5935\" data-elementor-post-type=\"page\">\n\t\t\t\t<div class=\"elementor-element elementor-element-24ac27c e-flex e-con-boxed e-con e-parent\" data-id=\"24ac27c\" data-element_type=\"container\" data-e-type=\"container\">\n\t\t\t\t\t<div class=\"e-con-inner\">\n\t\t\t\t<div class=\"elementor-element elementor-element-559c044 elementor-widget elementor-widget-n-accordion\" data-id=\"559c044\" data-element_type=\"widget\" data-e-type=\"widget\" data-settings=\"{&quot;default_state&quot;:&quot;all_collapsed&quot;,&quot;max_items_expended&quot;:&quot;one&quot;,&quot;n_accordion_animation_duration&quot;:{&quot;unit&quot;:&quot;ms&quot;,&quot;size&quot;:400,&quot;sizes&quot;:[]}}\" data-widget_type=\"nested-accordion.default\">\n\t\t\t\t\t\t\t<div class=\"e-n-accordion\" aria-label=\"Accordion. Open links with Enter or Space, close with Escape, and navigate with Arrow Keys\">\n\t\t\t\t\t\t<details id=\"e-n-accordion-item-8970\" class=\"e-n-accordion-item\" >\n\t\t\t\t<summary class=\"e-n-accordion-item-title\" data-accordion-index=\"1\" tabindex=\"0\" aria-expanded=\"false\" aria-controls=\"e-n-accordion-item-8970\" >\n\t\t\t\t\t<span class='e-n-accordion-item-title-header'><h2 class=\"e-n-accordion-item-title-text\"> How does the RPM program work? <\/h2><\/span>\n\t\t\t\t\t\t\t<span class='e-n-accordion-item-title-icon'>\n\t\t\t<span class='e-opened' ><svg aria-hidden=\"true\" class=\"e-font-icon-svg e-fas-minus\" viewBox=\"0 0 448 512\" xmlns=\"http:\/\/www.w3.org\/2000\/svg\"><path d=\"M416 208H32c-17.67 0-32 14.33-32 32v32c0 17.67 14.33 32 32 32h384c17.67 0 32-14.33 32-32v-32c0-17.67-14.33-32-32-32z\"><\/path><\/svg><\/span>\n\t\t\t<span class='e-closed'><svg aria-hidden=\"true\" class=\"e-font-icon-svg e-fas-plus\" viewBox=\"0 0 448 512\" xmlns=\"http:\/\/www.w3.org\/2000\/svg\"><path d=\"M416 208H272V64c0-17.67-14.33-32-32-32h-32c-17.67 0-32 14.33-32 32v144H32c-17.67 0-32 14.33-32 32v32c0 17.67 14.33 32 32 32h144v144c0 17.67 14.33 32 32 32h32c17.67 0 32-14.33 32-32V304h144c17.67 0 32-14.33 32-32v-32c0-17.67-14.33-32-32-32z\"><\/path><\/svg><\/span>\n\t\t<\/span>\n\n\t\t\t\t\t\t<\/summary>\n\t\t\t\t<div role=\"region\" aria-labelledby=\"e-n-accordion-item-8970\" class=\"elementor-element elementor-element-d183d14 e-con-full e-flex e-con e-child\" data-id=\"d183d14\" data-element_type=\"container\" data-e-type=\"container\">\n\t\t\t\t<div class=\"elementor-element elementor-element-136fc12 elementor-widget elementor-widget-text-editor\" data-id=\"136fc12\" data-element_type=\"widget\" data-e-type=\"widget\" data-widget_type=\"text-editor.default\">\n\t\t\t\t\t\t\t\t\t<ul data-uw-styling-context=\"true\"><li data-uw-styling-context=\"true\"><strong data-uw-styling-context=\"true\">Utilizar\u00e1 un tensi\u00f3metro para medirse la tensi\u00f3n arterial en casa<\/strong>\u00a0e introducir\u00e1 los datos en la aplicaci\u00f3n para pacientes\u00a0<strong data-uw-styling-context=\"true\">Prevvy<\/strong>. Puedes hacerlo manualmente (a mano) o mediante conexi\u00f3n Bluetooth a trav\u00e9s de tu smartphone.<\/li><li data-uw-styling-context=\"true\"><strong data-uw-styling-context=\"true\">Sus datos se comparten de inmediato con el equipo cl\u00ednico<\/strong>, incluidas las Casas de Salud (si forma parte del programa de Casas de Salud). De este modo, el equipo puede actuar con rapidez si alguna de sus lecturas de tensi\u00f3n arterial se sale de los valores normales.<\/li><li data-uw-styling-context=\"true\">La aplicaci\u00f3n Prevvy est\u00e1 configurada para\u00a0<strong data-uw-styling-context=\"true\">enviarle mensajes<\/strong>\u00a0a usted y a su equipo cl\u00ednico en funci\u00f3n de las directrices cl\u00ednicas establecidas.<\/li><\/ul>\t\t\t\t\t\t\t\t<\/div>\n\t\t\t\t<\/div>\n\t\t\t\t\t<\/details>\n\t\t\t\t\t\t<details id=\"e-n-accordion-item-8971\" class=\"e-n-accordion-item\" >\n\t\t\t\t<summary class=\"e-n-accordion-item-title\" data-accordion-index=\"2\" tabindex=\"-1\" aria-expanded=\"false\" aria-controls=\"e-n-accordion-item-8971\" >\n\t\t\t\t\t<span class='e-n-accordion-item-title-header'><h2 class=\"e-n-accordion-item-title-text\"> Do I have to get a blood pressure monitor? <\/h2><\/span>\n\t\t\t\t\t\t\t<span class='e-n-accordion-item-title-icon'>\n\t\t\t<span class='e-opened' ><svg aria-hidden=\"true\" class=\"e-font-icon-svg e-fas-minus\" viewBox=\"0 0 448 512\" xmlns=\"http:\/\/www.w3.org\/2000\/svg\"><path d=\"M416 208H32c-17.67 0-32 14.33-32 32v32c0 17.67 14.33 32 32 32h384c17.67 0 32-14.33 32-32v-32c0-17.67-14.33-32-32-32z\"><\/path><\/svg><\/span>\n\t\t\t<span class='e-closed'><svg aria-hidden=\"true\" class=\"e-font-icon-svg e-fas-plus\" viewBox=\"0 0 448 512\" xmlns=\"http:\/\/www.w3.org\/2000\/svg\"><path d=\"M416 208H272V64c0-17.67-14.33-32-32-32h-32c-17.67 0-32 14.33-32 32v144H32c-17.67 0-32 14.33-32 32v32c0 17.67 14.33 32 32 32h144v144c0 17.67 14.33 32 32 32h32c17.67 0 32-14.33 32-32V304h144c17.67 0 32-14.33 32-32v-32c0-17.67-14.33-32-32-32z\"><\/path><\/svg><\/span>\n\t\t<\/span>\n\n\t\t\t\t\t\t<\/summary>\n\t\t\t\t<div role=\"region\" aria-labelledby=\"e-n-accordion-item-8971\" class=\"elementor-element elementor-element-f0f7730 e-con-full e-flex e-con e-child\" data-id=\"f0f7730\" data-element_type=\"container\" data-e-type=\"container\">\n\t\t\t\t<div class=\"elementor-element elementor-element-42d9a4c elementor-widget elementor-widget-text-editor\" data-id=\"42d9a4c\" data-element_type=\"widget\" data-e-type=\"widget\" data-widget_type=\"text-editor.default\">\n\t\t\t\t\t\t\t\t\t<p><b data-uw-styling-context=\"true\">No.<\/b>\u00a0Su equipo cl\u00ednico le proporcionar\u00e1 un tensi\u00f3metro. Puede conservar el monitor hasta que su tensi\u00f3n arterial est\u00e9 controlada. Participar\u00e1 en el programa durante 3 meses o hasta que su tensi\u00f3n arterial est\u00e9 controlada.<\/p>\t\t\t\t\t\t\t\t<\/div>\n\t\t\t\t<\/div>\n\t\t\t\t\t<\/details>\n\t\t\t\t\t\t<details id=\"e-n-accordion-item-8972\" class=\"e-n-accordion-item\" >\n\t\t\t\t<summary class=\"e-n-accordion-item-title\" data-accordion-index=\"3\" tabindex=\"-1\" aria-expanded=\"false\" aria-controls=\"e-n-accordion-item-8972\" >\n\t\t\t\t\t<span class='e-n-accordion-item-title-header'><h2 class=\"e-n-accordion-item-title-text\"> Can other people use the monitor? <\/h2><\/span>\n\t\t\t\t\t\t\t<span class='e-n-accordion-item-title-icon'>\n\t\t\t<span class='e-opened' ><svg aria-hidden=\"true\" class=\"e-font-icon-svg e-fas-minus\" viewBox=\"0 0 448 512\" xmlns=\"http:\/\/www.w3.org\/2000\/svg\"><path d=\"M416 208H32c-17.67 0-32 14.33-32 32v32c0 17.67 14.33 32 32 32h384c17.67 0 32-14.33 32-32v-32c0-17.67-14.33-32-32-32z\"><\/path><\/svg><\/span>\n\t\t\t<span class='e-closed'><svg aria-hidden=\"true\" class=\"e-font-icon-svg e-fas-plus\" viewBox=\"0 0 448 512\" xmlns=\"http:\/\/www.w3.org\/2000\/svg\"><path d=\"M416 208H272V64c0-17.67-14.33-32-32-32h-32c-17.67 0-32 14.33-32 32v144H32c-17.67 0-32 14.33-32 32v32c0 17.67 14.33 32 32 32h144v144c0 17.67 14.33 32 32 32h32c17.67 0 32-14.33 32-32V304h144c17.67 0 32-14.33 32-32v-32c0-17.67-14.33-32-32-32z\"><\/path><\/svg><\/span>\n\t\t<\/span>\n\n\t\t\t\t\t\t<\/summary>\n\t\t\t\t<div role=\"region\" aria-labelledby=\"e-n-accordion-item-8972\" class=\"elementor-element elementor-element-e7a13bc e-con-full e-flex e-con e-child\" data-id=\"e7a13bc\" data-element_type=\"container\" data-e-type=\"container\">\n\t\t\t\t<div class=\"elementor-element elementor-element-c35c635 elementor-widget elementor-widget-text-editor\" data-id=\"c35c635\" data-element_type=\"widget\" data-e-type=\"widget\" data-widget_type=\"text-editor.default\">\n\t\t\t\t\t\t\t\t\t<p><b data-uw-styling-context=\"true\">No.<\/b>\u00a0Para asegurar que los datos son correctos, usted es la \u00fanica persona que debe usar el monitor.<\/p>\t\t\t\t\t\t\t\t<\/div>\n\t\t\t\t<\/div>\n\t\t\t\t\t<\/details>\n\t\t\t\t\t\t<details id=\"e-n-accordion-item-8973\" class=\"e-n-accordion-item\" >\n\t\t\t\t<summary class=\"e-n-accordion-item-title\" data-accordion-index=\"4\" tabindex=\"-1\" aria-expanded=\"false\" aria-controls=\"e-n-accordion-item-8973\" >\n\t\t\t\t\t<span class='e-n-accordion-item-title-header'><h2 class=\"e-n-accordion-item-title-text\"> My friend wants to enroll in the program. How can they join? <\/h2><\/span>\n\t\t\t\t\t\t\t<span class='e-n-accordion-item-title-icon'>\n\t\t\t<span class='e-opened' ><svg aria-hidden=\"true\" class=\"e-font-icon-svg e-fas-minus\" viewBox=\"0 0 448 512\" xmlns=\"http:\/\/www.w3.org\/2000\/svg\"><path d=\"M416 208H32c-17.67 0-32 14.33-32 32v32c0 17.67 14.33 32 32 32h384c17.67 0 32-14.33 32-32v-32c0-17.67-14.33-32-32-32z\"><\/path><\/svg><\/span>\n\t\t\t<span class='e-closed'><svg aria-hidden=\"true\" class=\"e-font-icon-svg e-fas-plus\" viewBox=\"0 0 448 512\" xmlns=\"http:\/\/www.w3.org\/2000\/svg\"><path d=\"M416 208H272V64c0-17.67-14.33-32-32-32h-32c-17.67 0-32 14.33-32 32v144H32c-17.67 0-32 14.33-32 32v32c0 17.67 14.33 32 32 32h144v144c0 17.67 14.33 32 32 32h32c17.67 0 32-14.33 32-32V304h144c17.67 0 32-14.33 32-32v-32c0-17.67-14.33-32-32-32z\"><\/path><\/svg><\/span>\n\t\t<\/span>\n\n\t\t\t\t\t\t<\/summary>\n\t\t\t\t<div role=\"region\" aria-labelledby=\"e-n-accordion-item-8973\" class=\"elementor-element elementor-element-bcccc7b e-con-full e-flex e-con e-child\" data-id=\"bcccc7b\" data-element_type=\"container\" data-e-type=\"container\">\n\t\t\t\t<div class=\"elementor-element elementor-element-6fe89dc elementor-widget elementor-widget-text-editor\" data-id=\"6fe89dc\" data-element_type=\"widget\" data-e-type=\"widget\" data-widget_type=\"text-editor.default\">\n\t\t\t\t\t\t\t\t\t<p>En este momento, el programa s\u00f3lo est\u00e1 disponible para los\u00a0<b data-uw-styling-context=\"true\">pacientes de CHN que est\u00e1n recibiendo atenci\u00f3n m\u00e9dica o est\u00e1n en el programa de Hogares de Salud en CHN.<\/b><\/p>\t\t\t\t\t\t\t\t<\/div>\n\t\t\t\t<\/div>\n\t\t\t\t\t<\/details>\n\t\t\t\t\t\t<details id=\"e-n-accordion-item-8974\" class=\"e-n-accordion-item\" >\n\t\t\t\t<summary class=\"e-n-accordion-item-title\" data-accordion-index=\"5\" tabindex=\"-1\" aria-expanded=\"false\" aria-controls=\"e-n-accordion-item-8974\" >\n\t\t\t\t\t<span class='e-n-accordion-item-title-header'><h2 class=\"e-n-accordion-item-title-text\"> I don\u2019t have a smartphone. Can I still participate? <\/h2><\/span>\n\t\t\t\t\t\t\t<span class='e-n-accordion-item-title-icon'>\n\t\t\t<span class='e-opened' ><svg aria-hidden=\"true\" class=\"e-font-icon-svg e-fas-minus\" viewBox=\"0 0 448 512\" xmlns=\"http:\/\/www.w3.org\/2000\/svg\"><path d=\"M416 208H32c-17.67 0-32 14.33-32 32v32c0 17.67 14.33 32 32 32h384c17.67 0 32-14.33 32-32v-32c0-17.67-14.33-32-32-32z\"><\/path><\/svg><\/span>\n\t\t\t<span class='e-closed'><svg aria-hidden=\"true\" class=\"e-font-icon-svg e-fas-plus\" viewBox=\"0 0 448 512\" xmlns=\"http:\/\/www.w3.org\/2000\/svg\"><path d=\"M416 208H272V64c0-17.67-14.33-32-32-32h-32c-17.67 0-32 14.33-32 32v144H32c-17.67 0-32 14.33-32 32v32c0 17.67 14.33 32 32 32h144v144c0 17.67 14.33 32 32 32h32c17.67 0 32-14.33 32-32V304h144c17.67 0 32-14.33 32-32v-32c0-17.67-14.33-32-32-32z\"><\/path><\/svg><\/span>\n\t\t<\/span>\n\n\t\t\t\t\t\t<\/summary>\n\t\t\t\t<div role=\"region\" aria-labelledby=\"e-n-accordion-item-8974\" class=\"elementor-element elementor-element-a0d3ad1 e-con-full e-flex e-con e-child\" data-id=\"a0d3ad1\" data-element_type=\"container\" data-e-type=\"container\">\n\t\t\t\t<div class=\"elementor-element elementor-element-67bf3ea elementor-widget elementor-widget-text-editor\" data-id=\"67bf3ea\" data-element_type=\"widget\" data-e-type=\"widget\" data-widget_type=\"text-editor.default\">\n\t\t\t\t\t\t\t\t\t<p>Lamentablemente, si no tienes un smartphone, no puedes participar en este momento. Ahora mismo, los pacientes necesitan un smartphone para participar en el programa. Sin embargo, nuestro equipo de trabajo social est\u00e1 explorando oportunidades para proporcionar smartphones a los pacientes que lo necesiten.<\/p>\t\t\t\t\t\t\t\t<\/div>\n\t\t\t\t<\/div>\n\t\t\t\t\t<\/details>\n\t\t\t\t\t\t<details id=\"e-n-accordion-item-8975\" class=\"e-n-accordion-item\" >\n\t\t\t\t<summary class=\"e-n-accordion-item-title\" data-accordion-index=\"6\" tabindex=\"-1\" aria-expanded=\"false\" aria-controls=\"e-n-accordion-item-8975\" >\n\t\t\t\t\t<span class='e-n-accordion-item-title-header'><h2 class=\"e-n-accordion-item-title-text\"> Will someone teach me how to take my blood pressure? <\/h2><\/span>\n\t\t\t\t\t\t\t<span class='e-n-accordion-item-title-icon'>\n\t\t\t<span class='e-opened' ><svg aria-hidden=\"true\" class=\"e-font-icon-svg e-fas-minus\" viewBox=\"0 0 448 512\" xmlns=\"http:\/\/www.w3.org\/2000\/svg\"><path d=\"M416 208H32c-17.67 0-32 14.33-32 32v32c0 17.67 14.33 32 32 32h384c17.67 0 32-14.33 32-32v-32c0-17.67-14.33-32-32-32z\"><\/path><\/svg><\/span>\n\t\t\t<span class='e-closed'><svg aria-hidden=\"true\" class=\"e-font-icon-svg e-fas-plus\" viewBox=\"0 0 448 512\" xmlns=\"http:\/\/www.w3.org\/2000\/svg\"><path d=\"M416 208H272V64c0-17.67-14.33-32-32-32h-32c-17.67 0-32 14.33-32 32v144H32c-17.67 0-32 14.33-32 32v32c0 17.67 14.33 32 32 32h144v144c0 17.67 14.33 32 32 32h32c17.67 0 32-14.33 32-32V304h144c17.67 0 32-14.33 32-32v-32c0-17.67-14.33-32-32-32z\"><\/path><\/svg><\/span>\n\t\t<\/span>\n\n\t\t\t\t\t\t<\/summary>\n\t\t\t\t<div role=\"region\" aria-labelledby=\"e-n-accordion-item-8975\" class=\"elementor-element elementor-element-1206e6b e-con-full e-flex e-con e-child\" data-id=\"1206e6b\" data-element_type=\"container\" data-e-type=\"container\">\n\t\t\t\t<div class=\"elementor-element elementor-element-3345f2b elementor-widget elementor-widget-text-editor\" data-id=\"3345f2b\" data-element_type=\"widget\" data-e-type=\"widget\" data-widget_type=\"text-editor.default\">\n\t\t\t\t\t\t\t\t\t<p><strong data-uw-styling-context=\"true\">S\u00ed.<\/strong>\u00a0En su visita en persona, un miembro del personal del CHN le ense\u00f1ar\u00e1 a medirse la tensi\u00f3n arterial. Recibir\u00e1 un ejemplar de la gu\u00eda\u00a0<strong data-uw-styling-context=\"true\">C\u00f3mo navegar y medirse la tensi\u00f3n arterial con Prevvy<\/strong>. Tambi\u00e9n puede encontrarlo en Prevvy para revisarlo m\u00e1s tarde.<\/p>\t\t\t\t\t\t\t\t<\/div>\n\t\t\t\t<\/div>\n\t\t\t\t\t<\/details>\n\t\t\t\t\t\t<details id=\"e-n-accordion-item-8976\" class=\"e-n-accordion-item\" >\n\t\t\t\t<summary class=\"e-n-accordion-item-title\" data-accordion-index=\"7\" tabindex=\"-1\" aria-expanded=\"false\" aria-controls=\"e-n-accordion-item-8976\" >\n\t\t\t\t\t<span class='e-n-accordion-item-title-header'><h2 class=\"e-n-accordion-item-title-text\"> How often will I need to take my blood pressure? <\/h2><\/span>\n\t\t\t\t\t\t\t<span class='e-n-accordion-item-title-icon'>\n\t\t\t<span class='e-opened' ><svg aria-hidden=\"true\" class=\"e-font-icon-svg e-fas-minus\" viewBox=\"0 0 448 512\" xmlns=\"http:\/\/www.w3.org\/2000\/svg\"><path d=\"M416 208H32c-17.67 0-32 14.33-32 32v32c0 17.67 14.33 32 32 32h384c17.67 0 32-14.33 32-32v-32c0-17.67-14.33-32-32-32z\"><\/path><\/svg><\/span>\n\t\t\t<span class='e-closed'><svg aria-hidden=\"true\" class=\"e-font-icon-svg e-fas-plus\" viewBox=\"0 0 448 512\" xmlns=\"http:\/\/www.w3.org\/2000\/svg\"><path d=\"M416 208H272V64c0-17.67-14.33-32-32-32h-32c-17.67 0-32 14.33-32 32v144H32c-17.67 0-32 14.33-32 32v32c0 17.67 14.33 32 32 32h144v144c0 17.67 14.33 32 32 32h32c17.67 0 32-14.33 32-32V304h144c17.67 0 32-14.33 32-32v-32c0-17.67-14.33-32-32-32z\"><\/path><\/svg><\/span>\n\t\t<\/span>\n\n\t\t\t\t\t\t<\/summary>\n\t\t\t\t<div role=\"region\" aria-labelledby=\"e-n-accordion-item-8976\" class=\"elementor-element elementor-element-ffae081 e-con-full e-flex e-con e-child\" data-id=\"ffae081\" data-element_type=\"container\" data-e-type=\"container\">\n\t\t\t\t<div class=\"elementor-element elementor-element-50ebd4b elementor-widget elementor-widget-text-editor\" data-id=\"50ebd4b\" data-element_type=\"widget\" data-e-type=\"widget\" data-widget_type=\"text-editor.default\">\n\t\t\t\t\t\t\t\t\t<p>Lo ideal es que se tome la tensi\u00f3n\u00a0<strong data-uw-styling-context=\"true\">2 veces por la ma\u00f1ana y 2 veces<\/strong>\u00a0por la noche.<\/p>\t\t\t\t\t\t\t\t<\/div>\n\t\t\t\t<\/div>\n\t\t\t\t\t<\/details>\n\t\t\t\t\t\t<details id=\"e-n-accordion-item-8977\" class=\"e-n-accordion-item\" >\n\t\t\t\t<summary class=\"e-n-accordion-item-title\" data-accordion-index=\"8\" tabindex=\"-1\" aria-expanded=\"false\" aria-controls=\"e-n-accordion-item-8977\" >\n\t\t\t\t\t<span class='e-n-accordion-item-title-header'><h2 class=\"e-n-accordion-item-title-text\"> What happens if I forget to take my blood pressure? <\/h2><\/span>\n\t\t\t\t\t\t\t<span class='e-n-accordion-item-title-icon'>\n\t\t\t<span class='e-opened' ><svg aria-hidden=\"true\" class=\"e-font-icon-svg e-fas-minus\" viewBox=\"0 0 448 512\" xmlns=\"http:\/\/www.w3.org\/2000\/svg\"><path d=\"M416 208H32c-17.67 0-32 14.33-32 32v32c0 17.67 14.33 32 32 32h384c17.67 0 32-14.33 32-32v-32c0-17.67-14.33-32-32-32z\"><\/path><\/svg><\/span>\n\t\t\t<span class='e-closed'><svg aria-hidden=\"true\" class=\"e-font-icon-svg e-fas-plus\" viewBox=\"0 0 448 512\" xmlns=\"http:\/\/www.w3.org\/2000\/svg\"><path d=\"M416 208H272V64c0-17.67-14.33-32-32-32h-32c-17.67 0-32 14.33-32 32v144H32c-17.67 0-32 14.33-32 32v32c0 17.67 14.33 32 32 32h144v144c0 17.67 14.33 32 32 32h32c17.67 0 32-14.33 32-32V304h144c17.67 0 32-14.33 32-32v-32c0-17.67-14.33-32-32-32z\"><\/path><\/svg><\/span>\n\t\t<\/span>\n\n\t\t\t\t\t\t<\/summary>\n\t\t\t\t<div role=\"region\" aria-labelledby=\"e-n-accordion-item-8977\" class=\"elementor-element elementor-element-4efcc95 e-con-full e-flex e-con e-child\" data-id=\"4efcc95\" data-element_type=\"container\" data-e-type=\"container\">\n\t\t\t\t<div class=\"elementor-element elementor-element-bbb4341 elementor-widget elementor-widget-text-editor\" data-id=\"bbb4341\" data-element_type=\"widget\" data-e-type=\"widget\" data-widget_type=\"text-editor.default\">\n\t\t\t\t\t\t\t\t\t<p>Recibir\u00e1 un\u00a0<strong data-uw-styling-context=\"true\">mensaje recordatorio de Prevvy<\/strong>\u00a0en su tel\u00e9fono para que se tome la tensi\u00f3n.<\/p>\t\t\t\t\t\t\t\t<\/div>\n\t\t\t\t<\/div>\n\t\t\t\t\t<\/details>\n\t\t\t\t\t\t<details id=\"e-n-accordion-item-8978\" class=\"e-n-accordion-item\" >\n\t\t\t\t<summary class=\"e-n-accordion-item-title\" data-accordion-index=\"9\" tabindex=\"-1\" aria-expanded=\"false\" aria-controls=\"e-n-accordion-item-8978\" >\n\t\t\t\t\t<span class='e-n-accordion-item-title-header'><h2 class=\"e-n-accordion-item-title-text\"> What are the benefits for me if I participate in this program? <\/h2><\/span>\n\t\t\t\t\t\t\t<span class='e-n-accordion-item-title-icon'>\n\t\t\t<span class='e-opened' ><svg aria-hidden=\"true\" class=\"e-font-icon-svg e-fas-minus\" viewBox=\"0 0 448 512\" xmlns=\"http:\/\/www.w3.org\/2000\/svg\"><path d=\"M416 208H32c-17.67 0-32 14.33-32 32v32c0 17.67 14.33 32 32 32h384c17.67 0 32-14.33 32-32v-32c0-17.67-14.33-32-32-32z\"><\/path><\/svg><\/span>\n\t\t\t<span class='e-closed'><svg aria-hidden=\"true\" class=\"e-font-icon-svg e-fas-plus\" viewBox=\"0 0 448 512\" xmlns=\"http:\/\/www.w3.org\/2000\/svg\"><path d=\"M416 208H272V64c0-17.67-14.33-32-32-32h-32c-17.67 0-32 14.33-32 32v144H32c-17.67 0-32 14.33-32 32v32c0 17.67 14.33 32 32 32h144v144c0 17.67 14.33 32 32 32h32c17.67 0 32-14.33 32-32V304h144c17.67 0 32-14.33 32-32v-32c0-17.67-14.33-32-32-32z\"><\/path><\/svg><\/span>\n\t\t<\/span>\n\n\t\t\t\t\t\t<\/summary>\n\t\t\t\t<div role=\"region\" aria-labelledby=\"e-n-accordion-item-8978\" class=\"elementor-element elementor-element-a646761 e-con-full e-flex e-con e-child\" data-id=\"a646761\" data-element_type=\"container\" data-e-type=\"container\">\n\t\t\t\t<div class=\"elementor-element elementor-element-790aad1 elementor-widget elementor-widget-text-editor\" data-id=\"790aad1\" data-element_type=\"widget\" data-e-type=\"widget\" data-widget_type=\"text-editor.default\">\n\t\t\t\t\t\t\t\t\t<p data-uw-styling-context=\"true\">Al participar en el programa RPM, lo har\u00e1s:<\/p><ul data-uw-styling-context=\"true\"><li data-uw-styling-context=\"true\">Comprom\u00e9tase m\u00e1s con sus cuidados.<\/li><li data-uw-styling-context=\"true\">Obtenga ayuda para lograr un mejor control de la tensi\u00f3n arterial.<\/li><\/ul>\t\t\t\t\t\t\t\t<\/div>\n\t\t\t\t<\/div>\n\t\t\t\t\t<\/details>\n\t\t\t\t\t<\/div>\n\t\t\t\t\t<script type=\"application\/ld+json\">{\"@context\":\"https:\\\/\\\/schema.org\",\"@type\":\"FAQPage\",\"mainEntity\":[{\"@type\":\"Question\",\"name\":\"How does the RPM program work?\",\"acceptedAnswer\":{\"@type\":\"Answer\",\"text\":\"Utilizar\\u00e1 un tensi\\u00f3metro para medirse la tensi\\u00f3n arterial en casa\\u00a0e introducir\\u00e1 los datos en la aplicaci\\u00f3n para pacientes\\u00a0Prevvy. Puedes hacerlo manualmente (a mano) o mediante conexi\\u00f3n Bluetooth a trav\\u00e9s de tu smartphone.Sus datos se comparten de inmediato con el equipo cl\\u00ednico, incluidas las Casas de Salud (si forma parte del programa de Casas de Salud). De este modo, el equipo puede actuar con rapidez si alguna de sus lecturas de tensi\\u00f3n arterial se sale de los valores normales.La aplicaci\\u00f3n Prevvy est\\u00e1 configurada para\\u00a0enviarle mensajes\\u00a0a usted y a su equipo cl\\u00ednico en funci\\u00f3n de las directrices cl\\u00ednicas establecidas.\"}},{\"@type\":\"Question\",\"name\":\"Do I have to get a blood pressure monitor?\",\"acceptedAnswer\":{\"@type\":\"Answer\",\"text\":\"No.\\u00a0Su equipo cl\\u00ednico le proporcionar\\u00e1 un tensi\\u00f3metro. Puede conservar el monitor hasta que su tensi\\u00f3n arterial est\\u00e9 controlada. Participar\\u00e1 en el programa durante 3 meses o hasta que su tensi\\u00f3n arterial est\\u00e9 controlada.\"}},{\"@type\":\"Question\",\"name\":\"Can other people use the monitor?\",\"acceptedAnswer\":{\"@type\":\"Answer\",\"text\":\"No.\\u00a0Para asegurar que los datos son correctos, usted es la \\u00fanica persona que debe usar el monitor.\"}},{\"@type\":\"Question\",\"name\":\"My friend wants to enroll in the program. How can they join?\",\"acceptedAnswer\":{\"@type\":\"Answer\",\"text\":\"En este momento, el programa s\\u00f3lo est\\u00e1 disponible para los\\u00a0pacientes de CHN que est\\u00e1n recibiendo atenci\\u00f3n m\\u00e9dica o est\\u00e1n en el programa de Hogares de Salud en CHN.\"}},{\"@type\":\"Question\",\"name\":\"I don\\u2019t have a smartphone. Can I still participate?\",\"acceptedAnswer\":{\"@type\":\"Answer\",\"text\":\"Lamentablemente, si no tienes un smartphone, no puedes participar en este momento. Ahora mismo, los pacientes necesitan un smartphone para participar en el programa. Sin embargo, nuestro equipo de trabajo social est\\u00e1 explorando oportunidades para proporcionar smartphones a los pacientes que lo necesiten.\"}},{\"@type\":\"Question\",\"name\":\"Will someone teach me how to take my blood pressure?\",\"acceptedAnswer\":{\"@type\":\"Answer\",\"text\":\"S\\u00ed.\\u00a0En su visita en persona, un miembro del personal del CHN le ense\\u00f1ar\\u00e1 a medirse la tensi\\u00f3n arterial. Recibir\\u00e1 un ejemplar de la gu\\u00eda\\u00a0C\\u00f3mo navegar y medirse la tensi\\u00f3n arterial con Prevvy. Tambi\\u00e9n puede encontrarlo en Prevvy para revisarlo m\\u00e1s tarde.\"}},{\"@type\":\"Question\",\"name\":\"How often will I need to take my blood pressure?\",\"acceptedAnswer\":{\"@type\":\"Answer\",\"text\":\"Lo ideal es que se tome la tensi\\u00f3n\\u00a02 veces por la ma\\u00f1ana y 2 veces\\u00a0por la noche.\"}},{\"@type\":\"Question\",\"name\":\"What happens if I forget to take my blood pressure?\",\"acceptedAnswer\":{\"@type\":\"Answer\",\"text\":\"Recibir\\u00e1 un\\u00a0mensaje recordatorio de Prevvy\\u00a0en su tel\\u00e9fono para que se tome la tensi\\u00f3n.\"}},{\"@type\":\"Question\",\"name\":\"What are the benefits for me if I participate in this program?\",\"acceptedAnswer\":{\"@type\":\"Answer\",\"text\":\"Al participar en el programa RPM, lo har\\u00e1s:Comprom\\u00e9tase m\\u00e1s con sus cuidados.Obtenga ayuda para lograr un mejor control de la tensi\\u00f3n arterial.\"}}]}<\/script>\n\t\t\t\t\t\t\t<\/div>\n\t\t\t\t\t<\/div>\n\t\t\t\t<\/div>\n\t\t\t\t<\/div>\n\t\t","protected":false},"excerpt":{"rendered":"<p>How does the RPM program work? Utilizar\u00e1 un tensi\u00f3metro para medirse la tensi\u00f3n arterial en casa\u00a0e introducir\u00e1 los datos en la aplicaci\u00f3n para pacientes\u00a0Prevvy. Puedes hacerlo manualmente (a mano) o mediante conexi\u00f3n Bluetooth a trav\u00e9s de tu smartphone. Sus datos se comparten de inmediato con el equipo cl\u00ednico, incluidas las Casas de Salud (si forma [&hellip;]<\/p>\n","protected":false},"author":16,"featured_media":7075,"parent":0,"menu_order":0,"comment_status":"closed","ping_status":"closed","template":"","meta":{"footnotes":""},"class_list":["post-8434","page","type-page","status-publish","has-post-thumbnail","hentry"],"_links":{"self":[{"href":"https:\/\/www.chnnyc.org\/es\/wp-json\/wp\/v2\/pages\/8434","targetHints":{"allow":["GET"]}}],"collection":[{"href":"https:\/\/www.chnnyc.org\/es\/wp-json\/wp\/v2\/pages"}],"about":[{"href":"https:\/\/www.chnnyc.org\/es\/wp-json\/wp\/v2\/types\/page"}],"author":[{"embeddable":true,"href":"https:\/\/www.chnnyc.org\/es\/wp-json\/wp\/v2\/users\/16"}],"replies":[{"embeddable":true,"href":"https:\/\/www.chnnyc.org\/es\/wp-json\/wp\/v2\/comments?post=8434"}],"version-history":[{"count":0,"href":"https:\/\/www.chnnyc.org\/es\/wp-json\/wp\/v2\/pages\/8434\/revisions"}],"wp:featuredmedia":[{"embeddable":true,"href":"https:\/\/www.chnnyc.org\/es\/wp-json\/wp\/v2\/media\/7075"}],"wp:attachment":[{"href":"https:\/\/www.chnnyc.org\/es\/wp-json\/wp\/v2\/media?parent=8434"}],"curies":[{"name":"wp","href":"https:\/\/api.w.org\/{rel}","templated":true}]}}