{"id":7676,"date":"2023-08-31T17:55:49","date_gmt":"2023-08-31T21:55:49","guid":{"rendered":"https:\/\/www.chnnyc.org\/despensa-de-alimentos\/"},"modified":"2025-01-31T17:23:21","modified_gmt":"2025-01-31T22:23:21","slug":"despensa-de-alimentos","status":"publish","type":"page","link":"https:\/\/www.chnnyc.org\/es\/para-los-pacientes\/despensa-de-alimentos\/","title":{"rendered":"Despensa de alimentos"},"content":{"rendered":"\t\t<div data-elementor-type=\"wp-page\" data-elementor-id=\"7676\" class=\"elementor elementor-7676 elementor-5711\" data-elementor-post-type=\"page\">\n\t\t\t\t<div class=\"elementor-element elementor-element-37caf45 e-flex e-con-boxed e-con e-parent\" data-id=\"37caf45\" data-element_type=\"container\" data-e-type=\"container\">\n\t\t\t\t\t<div class=\"e-con-inner\">\n\t\t<div class=\"elementor-element elementor-element-096babb e-con-full e-flex e-con e-child\" data-id=\"096babb\" data-element_type=\"container\" data-e-type=\"container\">\n\t\t\t\t<div class=\"elementor-element elementor-element-2754c13 elementor-widget elementor-widget-image\" data-id=\"2754c13\" data-element_type=\"widget\" data-e-type=\"widget\" data-widget_type=\"image.default\">\n\t\t\t\t\t\t\t\t\t\t\t\t\t\t\t<img fetchpriority=\"high\" decoding=\"async\" width=\"2560\" height=\"1738\" src=\"https:\/\/www.chnnyc.org\/wp-content\/uploads\/2024\/03\/20220517_180445-scaled.jpg\" class=\"attachment-full size-full wp-image-9144\" alt=\"\" srcset=\"https:\/\/www.chnnyc.org\/wp-content\/uploads\/2024\/03\/20220517_180445-scaled.jpg 2560w, https:\/\/www.chnnyc.org\/wp-content\/uploads\/2024\/03\/20220517_180445-300x204.jpg 300w, https:\/\/www.chnnyc.org\/wp-content\/uploads\/2024\/03\/20220517_180445-1024x695.jpg 1024w, https:\/\/www.chnnyc.org\/wp-content\/uploads\/2024\/03\/20220517_180445-768x521.jpg 768w, https:\/\/www.chnnyc.org\/wp-content\/uploads\/2024\/03\/20220517_180445-1536x1043.jpg 1536w, https:\/\/www.chnnyc.org\/wp-content\/uploads\/2024\/03\/20220517_180445-2048x1390.jpg 2048w\" sizes=\"(max-width: 2560px) 100vw, 2560px\" \/>\t\t\t\t\t\t\t\t\t\t\t\t\t\t\t<\/div>\n\t\t\t\t<\/div>\n\t\t<div class=\"elementor-element elementor-element-7b0d579 e-con-full e-flex e-con e-child\" data-id=\"7b0d579\" data-element_type=\"container\" data-e-type=\"container\">\n\t\t\t\t<div class=\"elementor-element elementor-element-e0a8a42 elementor-widget elementor-widget-text-editor\" data-id=\"e0a8a42\" data-element_type=\"widget\" data-e-type=\"widget\" data-widget_type=\"text-editor.default\">\n\t\t\t\t\t\t\t\t\t<h4>\u00bfQu\u00e9 puedo encontrar en la despensa de alimentos?<\/h4><p>Siempre ofrecemos ingredientes para una comida saludable. Siempre puedes esperar encontrar frutas, verduras, granos, prote\u00ednas y l\u00e1cteos en nuestra despensa de alimentos. A veces, puedes encontrar toallitas de limpieza, detergente para la ropa, comida para mascotas, gel de ba\u00f1o, loci\u00f3n, pasta de dientes y otros productos de higiene personal.<\/p>\t\t\t\t\t\t\t\t<\/div>\n\t\t\t\t<\/div>\n\t\t\t\t\t<\/div>\n\t\t\t\t<\/div>\n\t\t<div class=\"elementor-element elementor-element-8dc9a56 e-flex e-con-boxed e-con e-parent\" data-id=\"8dc9a56\" data-element_type=\"container\" data-e-type=\"container\" data-settings=\"{&quot;background_background&quot;:&quot;classic&quot;}\">\n\t\t\t\t\t<div class=\"e-con-inner\">\n\t\t\t\t<div class=\"elementor-element elementor-element-685006c elementor-widget elementor-widget-heading\" data-id=\"685006c\" data-element_type=\"widget\" data-e-type=\"widget\" data-widget_type=\"heading.default\">\n\t\t\t\t\t<h2 class=\"elementor-heading-title elementor-size-default\">Prepare su visita a la despensa de alimentos<\/h2>\t\t\t\t<\/div>\n\t\t\t\t\t<\/div>\n\t\t\t\t<\/div>\n\t\t<div class=\"elementor-element elementor-element-c385269 e-flex e-con-boxed e-con e-parent\" data-id=\"c385269\" data-element_type=\"container\" data-e-type=\"container\">\n\t\t\t\t\t<div class=\"e-con-inner\">\n\t\t\t\t<div class=\"elementor-element elementor-element-1d56d04 elementor-widget elementor-widget-text-editor\" data-id=\"1d56d04\" data-element_type=\"widget\" data-e-type=\"widget\" data-widget_type=\"text-editor.default\">\n\t\t\t\t\t\t\t\t\t<div class=\"wpb_column vc_column_container vc_col-sm-6\"><div class=\"vc_column-inner\"><div class=\"wpb_wrapper\"><div class=\"wpb_text_column wpb_content_element\"><div class=\"wpb_wrapper\"><section class=\"vc-custom vc-two-column-list-container      text-color-black\"><div class=\"container\"><div class=\"row no-gutters vc-custom vc-two-column-list-container\"><div class=\"col-12\"><div class=\"content\"><ul><li>Para concertar una cita, env\u00ede un mensaje de texto \u00ab<strong>ICL CHN<\/strong>\u00bb a\u00a0<strong>PANTRY<\/strong>\u00a0<strong>(726-879)<\/strong>, o visite\u00a0<a href=\"http:\/\/www.plentifulapp.com\/\" target=\"_blank\" rel=\"noopener\">www.plentifulapp.com.<\/a>\u00a0Tambi\u00e9n puede utilizar la aplicaci\u00f3n\u00a0<a href=\"http:\/\/plentifulapp.com\/\" target=\"_blank\" rel=\"noopener\">Plentiful<\/a>\u00a0y seguir las instrucciones que se indican a continuaci\u00f3n:<ul><li>Despu\u00e9s de crear una cuenta e iniciar sesi\u00f3n, ve a:<a href=\"https:\/\/app.plentifulapp.com\/a\/pantries\" target=\"_blank\" rel=\"noopener\">\u00a0app.plentifulapp.com\/a\/pantries<\/a><\/li><li>En la parte superior derecha de la pantalla, utilice la barra de b\u00fasqueda para buscar \u00abICL CHN\u00bb.<\/li><\/ul><\/li><\/ul><p>\u00a0<\/p><\/div><\/div><\/div><\/div><\/section><\/div><\/div><\/div><\/div><\/div><div class=\"wpb_column vc_column_container vc_col-sm-6\"><div class=\"vc_column-inner\"><div class=\"wpb_wrapper\"><div class=\"wpb_text_column wpb_content_element\"><div class=\"wpb_wrapper\"><section class=\"vc-custom vc-two-column-list-container      text-color-black\"><div class=\"container\"><div class=\"row no-gutters vc-custom vc-two-column-list-container\"><div class=\"col-12\"><div class=\"content\"><p>\u00a0<\/p><ul><li>Traiga sus propias bolsas reutilizables y\/o su carrito plegable.<\/li><li>Lleve una mascarilla que le cubra la nariz y la boca. Si no tiene una, el personal de recepci\u00f3n puede darle una m\u00e1scara gratis.<\/li><li>Alternativamente, puedes ordenar en l\u00ednea y recoger en persona utilizando\u00a0<a id=\"OWAafa638bd-92dc-3587-4cf8-53a3cccb3db2\" class=\"OWAAutoLink\" title=\"https:\/\/www.eny.myonlinefp.com\" href=\"https:\/\/www.eny.myonlinefp.com\/\" data-auth=\"NotApplicable\" data-loopstyle=\"linkonly\" data-outlook-id=\"c1584156-782b-452d-97a8-2eb4fd78ad69\" target=\"_blank\" rel=\"noopener\"><u>https:\/\/www.eny.myonlinefp.com<\/u><\/a><\/li><\/ul><\/div><\/div><\/div><\/div><\/section><\/div><\/div><\/div><\/div><\/div>\t\t\t\t\t\t\t\t<\/div>\n\t\t\t\t<div class=\"elementor-element elementor-element-64882a7 elementor-widget elementor-widget-text-editor\" data-id=\"64882a7\" data-element_type=\"widget\" data-e-type=\"widget\" data-widget_type=\"text-editor.default\">\n\t\t\t\t\t\t\t\t\t<section class=\"vc-custom vc-full-width-container   mt-small mb-small text-color-black\"><div class=\"container\"><div class=\"row no-gutters content-centered\"><div class=\"col-12\"><div class=\"content full-width-content\"><p>Si el horario de nuestra despensa no te viene bien, hay otras despensas a las que puedes acudir. Para buscar despensas, utilice la aplicaci\u00f3n Plentiful o el sitio web del Banco de Alimentos:\u00a0<a href=\"https:\/\/www.foodbanknyc.org\/get-help\/\" target=\"_blank\" rel=\"noopener\">www.foodbanknyc.org\/get-help\/<\/a>.<\/p><\/div><\/div><\/div><\/div><\/section><section class=\"bg-primary vc-custom vc-yellow-block pt-medium pb-medium  mb-small text-color-black\"><div class=\"container\"><div class=\"row no-gutters content-centered\"><div class=\"col-12\">\u00a0<\/div><\/div><\/div><\/section>\t\t\t\t\t\t\t\t<\/div>\n\t\t\t\t\t<\/div>\n\t\t\t\t<\/div>\n\t\t<div class=\"elementor-element elementor-element-a2270cd e-flex e-con-boxed e-con e-parent\" data-id=\"a2270cd\" data-element_type=\"container\" data-e-type=\"container\" data-settings=\"{&quot;background_background&quot;:&quot;classic&quot;}\">\n\t\t\t\t\t<div class=\"e-con-inner\">\n\t\t\t\t<div class=\"elementor-element elementor-element-12fedf7 elementor-widget elementor-widget-heading\" data-id=\"12fedf7\" data-element_type=\"widget\" data-e-type=\"widget\" data-widget_type=\"heading.default\">\n\t\t\t\t\t<h2 class=\"elementor-heading-title elementor-size-default\">C\u00f3mo llegar a la despensa<\/h2>\t\t\t\t<\/div>\n\t\t\t\t\t<\/div>\n\t\t\t\t<\/div>\n\t\t<div class=\"elementor-element elementor-element-d292a6e e-flex e-con-boxed e-con e-parent\" data-id=\"d292a6e\" data-element_type=\"container\" data-e-type=\"container\">\n\t\t\t\t\t<div class=\"e-con-inner\">\n\t\t\t\t<div class=\"elementor-element elementor-element-b1155b6 elementor-widget elementor-widget-text-editor\" data-id=\"b1155b6\" data-element_type=\"widget\" data-e-type=\"widget\" data-widget_type=\"text-editor.default\">\n\t\t\t\t\t\t\t\t\t<div class=\"wpb_column vc_column_container vc_col-sm-6\"><div class=\"vc_column-inner\"><div class=\"wpb_wrapper\"><div class=\"wpb_text_column wpb_content_element\"><div class=\"wpb_wrapper\"><section class=\"vc-custom vc-two-column-list-container      text-color-black\"><div class=\"container\"><div class=\"row no-gutters vc-custom vc-two-column-list-container\"><div class=\"col-12\"><div class=\"content\"><ul><li>Por tren:<\/li><li><ul><li>Tren J\/Z hasta Alabama Avenue<\/li><li>Tren C hasta Liberty Avenue<\/li><li>Tren L hasta Atlantic Avenue<\/li><\/ul><\/li><\/ul><p>\u00a0<\/p><\/div><\/div><\/div><\/div><\/section><\/div><\/div><\/div><\/div><\/div><div class=\"wpb_column vc_column_container vc_col-sm-6\"><div class=\"vc_column-inner\"><div class=\"wpb_wrapper\"><div class=\"wpb_text_column wpb_content_element\"><div class=\"wpb_wrapper\"><section class=\"vc-custom vc-two-column-list-container      text-color-black\"><div class=\"container\"><div class=\"row no-gutters vc-custom vc-two-column-list-container\"><div class=\"col-12\"><div class=\"content\"><p>\u00a0<\/p><ul><li>Por autob\u00fas:<ul><li>B20 a Fulton St\/Alabama Ave<\/li><li>B12\/B25 hasta Alabama Avenue\/Fulton Street<\/li><\/ul><\/li><li>Estamos ubicados en la cafeter\u00eda del primer piso, sala 107B. La entrada al edificio est\u00e1 en la Georgia Avenue.<\/li><\/ul><\/div><\/div><\/div><\/div><\/section><\/div><\/div><\/div><\/div><\/div>\t\t\t\t\t\t\t\t<\/div>\n\t\t\t\t\t<\/div>\n\t\t\t\t<\/div>\n\t\t<div class=\"elementor-element elementor-element-40285bb e-flex e-con-boxed e-con e-parent\" data-id=\"40285bb\" data-element_type=\"container\" data-e-type=\"container\" data-settings=\"{&quot;background_background&quot;:&quot;classic&quot;}\">\n\t\t\t\t\t<div class=\"e-con-inner\">\n\t\t\t\t<div class=\"elementor-element elementor-element-7a4e3e2 elementor-widget elementor-widget-heading\" data-id=\"7a4e3e2\" data-element_type=\"widget\" data-e-type=\"widget\" data-widget_type=\"heading.default\">\n\t\t\t\t\t<h2 class=\"elementor-heading-title elementor-size-default\">Ayude a nuestra despensa<\/h2>\t\t\t\t<\/div>\n\t\t\t\t\t<\/div>\n\t\t\t\t<\/div>\n\t\t<div class=\"elementor-element elementor-element-fc8ba97 e-flex e-con-boxed e-con e-parent\" data-id=\"fc8ba97\" data-element_type=\"container\" data-e-type=\"container\">\n\t\t\t\t\t<div class=\"e-con-inner\">\n\t\t<div class=\"elementor-element elementor-element-9979524 e-con-full e-flex e-con e-child\" data-id=\"9979524\" data-element_type=\"container\" data-e-type=\"container\">\n\t\t\t\t<div class=\"elementor-element elementor-element-20eaf88 elementor-widget elementor-widget-image\" data-id=\"20eaf88\" data-element_type=\"widget\" data-e-type=\"widget\" data-widget_type=\"image.default\">\n\t\t\t\t\t\t\t\t\t\t\t\t\t\t\t<img decoding=\"async\" width=\"2560\" height=\"1864\" src=\"https:\/\/www.chnnyc.org\/wp-content\/uploads\/2024\/07\/Food-Pantry-Photo-scaled.jpg\" class=\"attachment-full size-full wp-image-9761\" alt=\"\" srcset=\"https:\/\/www.chnnyc.org\/wp-content\/uploads\/2024\/07\/Food-Pantry-Photo-scaled.jpg 2560w, https:\/\/www.chnnyc.org\/wp-content\/uploads\/2024\/07\/Food-Pantry-Photo-300x218.jpg 300w, https:\/\/www.chnnyc.org\/wp-content\/uploads\/2024\/07\/Food-Pantry-Photo-1024x746.jpg 1024w, https:\/\/www.chnnyc.org\/wp-content\/uploads\/2024\/07\/Food-Pantry-Photo-768x559.jpg 768w, https:\/\/www.chnnyc.org\/wp-content\/uploads\/2024\/07\/Food-Pantry-Photo-1536x1118.jpg 1536w, https:\/\/www.chnnyc.org\/wp-content\/uploads\/2024\/07\/Food-Pantry-Photo-2048x1491.jpg 2048w\" sizes=\"(max-width: 2560px) 100vw, 2560px\" \/>\t\t\t\t\t\t\t\t\t\t\t\t\t\t\t<\/div>\n\t\t\t\t<\/div>\n\t\t<div class=\"elementor-element elementor-element-1c27af4 e-con-full e-flex e-con e-child\" data-id=\"1c27af4\" data-element_type=\"container\" data-e-type=\"container\">\n\t\t\t\t<div class=\"elementor-element elementor-element-167bfc5 elementor-widget elementor-widget-text-editor\" data-id=\"167bfc5\" data-element_type=\"widget\" data-e-type=\"widget\" data-widget_type=\"text-editor.default\">\n\t\t\t\t\t\t\t\t\t<h4>\u00bfC\u00f3mo puedes ayudar?<\/h4><p>Siempre estamos buscando donaciones como dinero, alimentos, productos de higiene personal, productos de higiene femenina y bolsas reutilizables limpias. Compramos nuestros art\u00edculos al por mayor, por lo que podemos obtener precios m\u00e1s baratos que en un supermercado. \u00a1Tambi\u00e9n aceptamos donaciones de productos de supermercados, restaurantes y distribuidores! Podemos ofrecerte un recibo de donaci\u00f3n 501(c)(3) que puedes usar para reclamar una deducci\u00f3n de impuestos. Si desea ser voluntario en nuestra despensa de alimentos o tiene alguna pregunta sobre ella, env\u00ede un correo electr\u00f3nico a David Chen a\u00a0DaChen@chnnyc.org.<\/p>\t\t\t\t\t\t\t\t<\/div>\n\t\t\t\t<\/div>\n\t\t\t\t\t<\/div>\n\t\t\t\t<\/div>\n\t\t<div class=\"elementor-element elementor-element-63fbc38 e-flex e-con-boxed e-con e-parent\" data-id=\"63fbc38\" data-element_type=\"container\" data-e-type=\"container\" data-settings=\"{&quot;background_background&quot;:&quot;classic&quot;}\">\n\t\t\t\t\t<div class=\"e-con-inner\">\n\t\t\t\t<div class=\"elementor-element elementor-element-92af64f elementor-widget elementor-widget-heading\" data-id=\"92af64f\" data-element_type=\"widget\" data-e-type=\"widget\" data-widget_type=\"heading.default\">\n\t\t\t\t\t<h3 class=\"elementor-heading-title elementor-size-default\">Elige una cantidad para donar<\/h3>\t\t\t\t<\/div>\n\t\t\t\t<div class=\"elementor-element elementor-element-62b6232 elementor-widget elementor-widget-html\" data-id=\"62b6232\" data-element_type=\"widget\" data-e-type=\"widget\" data-widget_type=\"html.default\">\n\t\t\t\t\t<!-- Begin Give Lively Fundraising Widget -->\n\n<script>gl=document.createElement('script');gl.src='https:\/\/secure.givelively.org\/widgets\/simple_donation\/community-healthcare-network-inc.js?show_suggested_amount_buttons=true&show_in_honor_of=true&address_required=false&has_required_custom_question=null&suggested_donation_amounts[]=50&suggested_donation_amounts[]=100&suggested_donation_amounts[]=150&suggested_donation_amounts[]=200';document.getElementsByTagName('head')[0].appendChild(gl);<\/script><div id=\"give-lively-widget\" class=\"gl-simple-donation-widget\"><\/div>\n\n<!-- End Give Lively Fundraising Widget -->\t\t\t\t<\/div>\n\t\t\t\t\t<\/div>\n\t\t\t\t<\/div>\n\t\t\t\t<\/div>\n\t\t","protected":false},"excerpt":{"rendered":"<p>\u00bfQu\u00e9 puedo encontrar en la despensa de alimentos? Siempre ofrecemos ingredientes para una comida saludable. Siempre puedes esperar encontrar frutas, verduras, granos, prote\u00ednas y l\u00e1cteos en nuestra despensa de alimentos. A veces, puedes encontrar toallitas de limpieza, detergente para la ropa, comida para mascotas, gel de ba\u00f1o, loci\u00f3n, pasta de dientes y otros productos de [&hellip;]<\/p>\n","protected":false},"author":16,"featured_media":7052,"parent":7681,"menu_order":0,"comment_status":"closed","ping_status":"closed","template":"","meta":{"footnotes":""},"class_list":["post-7676","page","type-page","status-publish","has-post-thumbnail","hentry"],"_links":{"self":[{"href":"https:\/\/www.chnnyc.org\/es\/wp-json\/wp\/v2\/pages\/7676","targetHints":{"allow":["GET"]}}],"collection":[{"href":"https:\/\/www.chnnyc.org\/es\/wp-json\/wp\/v2\/pages"}],"about":[{"href":"https:\/\/www.chnnyc.org\/es\/wp-json\/wp\/v2\/types\/page"}],"author":[{"embeddable":true,"href":"https:\/\/www.chnnyc.org\/es\/wp-json\/wp\/v2\/users\/16"}],"replies":[{"embeddable":true,"href":"https:\/\/www.chnnyc.org\/es\/wp-json\/wp\/v2\/comments?post=7676"}],"version-history":[{"count":0,"href":"https:\/\/www.chnnyc.org\/es\/wp-json\/wp\/v2\/pages\/7676\/revisions"}],"up":[{"embeddable":true,"href":"https:\/\/www.chnnyc.org\/es\/wp-json\/wp\/v2\/pages\/7681"}],"wp:featuredmedia":[{"embeddable":true,"href":"https:\/\/www.chnnyc.org\/es\/wp-json\/wp\/v2\/media\/7052"}],"wp:attachment":[{"href":"https:\/\/www.chnnyc.org\/es\/wp-json\/wp\/v2\/media?parent=7676"}],"curies":[{"name":"wp","href":"https:\/\/api.w.org\/{rel}","templated":true}]}}