{"id":7672,"date":"2023-08-29T19:56:47","date_gmt":"2023-08-29T23:56:47","guid":{"rendered":"https:\/\/www.chnnyc.org\/acerca-de\/direccion-ejecutiva\/"},"modified":"2025-03-12T17:35:18","modified_gmt":"2025-03-12T21:35:18","slug":"direccion-ejecutiva","status":"publish","type":"page","link":"https:\/\/www.chnnyc.org\/es\/acerca-de\/direccion-ejecutiva\/","title":{"rendered":"Direcci\u00f3n ejecutiva"},"content":{"rendered":"\t\t<div data-elementor-type=\"wp-page\" data-elementor-id=\"7672\" class=\"elementor elementor-7672 elementor-5474\" data-elementor-post-type=\"page\">\n\t\t\t\t<div class=\"elementor-element elementor-element-667d195 e-flex e-con-boxed e-con e-parent\" data-id=\"667d195\" data-element_type=\"container\" data-e-type=\"container\">\n\t\t\t\t\t<div class=\"e-con-inner\">\n\t\t\t\t<div class=\"elementor-element elementor-element-108dfce elementor-widget-divider--view-line_text elementor-widget-divider--element-align-center elementor-widget elementor-widget-divider\" data-id=\"108dfce\" data-element_type=\"widget\" data-e-type=\"widget\" data-widget_type=\"divider.default\">\n\t\t\t\t\t\t\t<div class=\"elementor-divider\">\n\t\t\t<span class=\"elementor-divider-separator\">\n\t\t\t\t\t\t\t<span class=\"elementor-divider__text elementor-divider__element\">\n\t\t\t\tTeam\t\t\t\t<\/span>\n\t\t\t\t\t\t<\/span>\n\t\t<\/div>\n\t\t\t\t\t\t<\/div>\n\t\t\t\t<div class=\"elementor-element elementor-element-6230ce4 elementor-widget elementor-widget-heading\" data-id=\"6230ce4\" data-element_type=\"widget\" data-e-type=\"widget\" data-widget_type=\"heading.default\">\n\t\t\t\t\t<h1 class=\"elementor-heading-title elementor-size-default\">Direcci\u00f3n ejecutiva<\/h1>\t\t\t\t<\/div>\n\t\t\t\t<div class=\"elementor-element elementor-element-3a0b80f elementor-widget elementor-widget-text-editor\" data-id=\"3a0b80f\" data-element_type=\"widget\" data-e-type=\"widget\" data-widget_type=\"text-editor.default\">\n\t\t\t\t\t\t\t\t\t<section class=\" vc-custom vc-small-container-content text-color-black\"><div class=\"container\"><div class=\"row no-gutters content-centered\"><div class=\"col-10 col-md-5 mx-auto order-2 order-md-1\"><div class=\"content\"><p>Community Healthcare Network est\u00e1 dirigida por un equipo de profesionales dedicados a facilitar el acceso a la asistencia sanitaria a los habitantes de la ciudad de Nueva York. Cada miembro aporta a\u00f1os de experiencia y sus puntos fuertes \u00fanicos a su trabajo en CHN.<\/p><\/div><\/div><\/div><\/div><\/section>\t\t\t\t\t\t\t\t<\/div>\n\t\t\t\t\t<\/div>\n\t\t\t\t<\/div>\n\t\t<div class=\"elementor-element elementor-element-42308b7 e-flex e-con-boxed e-con e-parent\" data-id=\"42308b7\" data-element_type=\"container\" data-e-type=\"container\">\n\t\t\t\t\t<div class=\"e-con-inner\">\n\t\t\t\t<div class=\"elementor-element elementor-element-7f142f0 elementor-widget elementor-widget-jet-listing-grid\" data-id=\"7f142f0\" data-element_type=\"widget\" data-e-type=\"widget\" data-settings=\"{&quot;columns&quot;:&quot;1&quot;}\" data-widget_type=\"jet-listing-grid.default\">\n\t\t\t\t\t<div class=\"jet-listing-grid jet-listing\"><div class=\"jet-listing-not-found jet-listing-grid__items\" data-nav=\"{&quot;enabled&quot;:false,&quot;type&quot;:null,&quot;more_el&quot;:null,&quot;query&quot;:[],&quot;widget_settings&quot;:{&quot;lisitng_id&quot;:11284,&quot;posts_num&quot;:99,&quot;columns&quot;:1,&quot;columns_tablet&quot;:1,&quot;columns_mobile&quot;:1,&quot;column_min_width&quot;:240,&quot;column_min_width_tablet&quot;:240,&quot;column_min_width_mobile&quot;:240,&quot;inline_columns_css&quot;:false,&quot;is_archive_template&quot;:&quot;&quot;,&quot;post_status&quot;:[&quot;publish&quot;],&quot;use_random_posts_num&quot;:&quot;&quot;,&quot;max_posts_num&quot;:9,&quot;not_found_message&quot;:&quot;No data was found&quot;,&quot;is_masonry&quot;:false,&quot;equal_columns_height&quot;:&quot;yes&quot;,&quot;use_load_more&quot;:&quot;&quot;,&quot;load_more_id&quot;:&quot;&quot;,&quot;load_more_type&quot;:&quot;click&quot;,&quot;load_more_offset&quot;:{&quot;unit&quot;:&quot;px&quot;,&quot;size&quot;:0,&quot;sizes&quot;:[]},&quot;use_custom_post_types&quot;:&quot;&quot;,&quot;custom_post_types&quot;:[],&quot;hide_widget_if&quot;:&quot;&quot;,&quot;carousel_enabled&quot;:&quot;&quot;,&quot;slides_to_scroll&quot;:&quot;1&quot;,&quot;arrows&quot;:&quot;true&quot;,&quot;arrow_icon&quot;:&quot;fa fa-angle-left&quot;,&quot;dots&quot;:&quot;&quot;,&quot;autoplay&quot;:&quot;true&quot;,&quot;pause_on_hover&quot;:&quot;true&quot;,&quot;autoplay_speed&quot;:5000,&quot;infinite&quot;:&quot;true&quot;,&quot;center_mode&quot;:&quot;&quot;,&quot;effect&quot;:&quot;slide&quot;,&quot;speed&quot;:500,&quot;inject_alternative_items&quot;:&quot;&quot;,&quot;injection_items&quot;:[],&quot;scroll_slider_enabled&quot;:&quot;&quot;,&quot;scroll_slider_on&quot;:[&quot;desktop&quot;,&quot;tablet&quot;,&quot;mobile&quot;],&quot;custom_query&quot;:false,&quot;custom_query_id&quot;:&quot;&quot;,&quot;_element_id&quot;:&quot;&quot;,&quot;collapse_first_last_gap&quot;:false,&quot;list_tag_selection&quot;:&quot;&quot;,&quot;list_items_wrapper_tag&quot;:&quot;div&quot;,&quot;list_item_tag&quot;:&quot;div&quot;,&quot;empty_items_wrapper_tag&quot;:&quot;div&quot;}}\" data-listing-source=\"posts\" data-listing-id=\"11284\" data-query-id=\"\" data-queried-id=\"7672|WP_Post\">No data was found<\/div><\/div>\t\t\t\t<\/div>\n\t\t\t\t\t<\/div>\n\t\t\t\t<\/div>\n\t\t<div class=\"elementor-element elementor-element-19c6327 e-flex e-con-boxed e-con e-parent\" data-id=\"19c6327\" data-element_type=\"container\" data-e-type=\"container\" id=\"board-members\" data-settings=\"{&quot;background_background&quot;:&quot;classic&quot;}\">\n\t\t\t\t\t<div class=\"e-con-inner\">\n\t\t\t\t<div class=\"elementor-element elementor-element-bb88a36 elementor-widget elementor-widget-heading\" data-id=\"bb88a36\" data-element_type=\"widget\" data-e-type=\"widget\" data-widget_type=\"heading.default\">\n\t\t\t\t\t<h2 class=\"elementor-heading-title elementor-size-default\">Consejeros<\/h2>\t\t\t\t<\/div>\n\t\t\t\t<div class=\"elementor-element elementor-element-a540cba elementor-widget elementor-widget-text-editor\" data-id=\"a540cba\" data-element_type=\"widget\" data-e-type=\"widget\" data-widget_type=\"text-editor.default\">\n\t\t\t\t\t\t\t\t\t<p>Como Centro de Salud Federalmente Cualificado, satisfacer las necesidades de la comunidad es nuestra m\u00e1xima prioridad. Nos mantenemos en sinton\u00eda con esas necesidades manteniendo nuestro consejo de administraci\u00f3n compuesto al menos en un 51% por pacientes de nuestros centros.<\/p><p>Community Healthcare Network se enorgullece de contar en su junta directiva con los siguientes destacados profesionales y miembros de la comunidad:<\/p>\t\t\t\t\t\t\t\t<\/div>\n\t\t\t\t\t<\/div>\n\t\t\t\t<\/div>\n\t\t<div class=\"elementor-element elementor-element-7f93007 e-flex e-con-boxed e-con e-parent\" data-id=\"7f93007\" data-element_type=\"container\" data-e-type=\"container\">\n\t\t\t\t\t<div class=\"e-con-inner\">\n\t\t\t\t<div class=\"elementor-element elementor-element-1326685 elementor-widget elementor-widget-jet-listing-grid\" data-id=\"1326685\" data-element_type=\"widget\" data-e-type=\"widget\" data-settings=\"{&quot;columns&quot;:&quot;2&quot;,&quot;columns_tablet&quot;:&quot;1&quot;}\" data-widget_type=\"jet-listing-grid.default\">\n\t\t\t\t\t<div class=\"jet-listing-grid jet-listing\"><div class=\"jet-listing-grid__items grid-col-desk-2 grid-col-tablet-1 grid-col-mobile-1 jet-listing-grid--11284 jet-equal-columns__wrapper\" data-queried-id=\"7672|WP_Post\" data-nav=\"{&quot;enabled&quot;:false,&quot;type&quot;:null,&quot;more_el&quot;:null,&quot;query&quot;:[],&quot;widget_settings&quot;:{&quot;lisitng_id&quot;:11284,&quot;posts_num&quot;:99,&quot;columns&quot;:2,&quot;columns_tablet&quot;:1,&quot;columns_mobile&quot;:1,&quot;column_min_width&quot;:240,&quot;column_min_width_tablet&quot;:240,&quot;column_min_width_mobile&quot;:240,&quot;inline_columns_css&quot;:false,&quot;is_archive_template&quot;:&quot;&quot;,&quot;post_status&quot;:[&quot;publish&quot;],&quot;use_random_posts_num&quot;:&quot;&quot;,&quot;max_posts_num&quot;:9,&quot;not_found_message&quot;:&quot;No data was found&quot;,&quot;is_masonry&quot;:false,&quot;equal_columns_height&quot;:&quot;yes&quot;,&quot;use_load_more&quot;:&quot;&quot;,&quot;load_more_id&quot;:&quot;&quot;,&quot;load_more_type&quot;:&quot;click&quot;,&quot;load_more_offset&quot;:{&quot;unit&quot;:&quot;px&quot;,&quot;size&quot;:0,&quot;sizes&quot;:[]},&quot;use_custom_post_types&quot;:&quot;&quot;,&quot;custom_post_types&quot;:[],&quot;hide_widget_if&quot;:&quot;&quot;,&quot;carousel_enabled&quot;:&quot;&quot;,&quot;slides_to_scroll&quot;:&quot;1&quot;,&quot;arrows&quot;:&quot;true&quot;,&quot;arrow_icon&quot;:&quot;fa fa-angle-left&quot;,&quot;dots&quot;:&quot;&quot;,&quot;autoplay&quot;:&quot;true&quot;,&quot;pause_on_hover&quot;:&quot;true&quot;,&quot;autoplay_speed&quot;:5000,&quot;infinite&quot;:&quot;true&quot;,&quot;center_mode&quot;:&quot;&quot;,&quot;effect&quot;:&quot;slide&quot;,&quot;speed&quot;:500,&quot;inject_alternative_items&quot;:&quot;&quot;,&quot;injection_items&quot;:[],&quot;scroll_slider_enabled&quot;:&quot;&quot;,&quot;scroll_slider_on&quot;:[&quot;desktop&quot;,&quot;tablet&quot;,&quot;mobile&quot;],&quot;custom_query&quot;:false,&quot;custom_query_id&quot;:&quot;&quot;,&quot;_element_id&quot;:&quot;&quot;,&quot;collapse_first_last_gap&quot;:false,&quot;list_tag_selection&quot;:&quot;&quot;,&quot;list_items_wrapper_tag&quot;:&quot;div&quot;,&quot;list_item_tag&quot;:&quot;div&quot;,&quot;empty_items_wrapper_tag&quot;:&quot;div&quot;}}\" data-page=\"1\" data-pages=\"1\" data-listing-source=\"posts\" data-listing-id=\"11284\" data-query-id=\"\"><div class=\"jet-listing-grid__item jet-listing-dynamic-post-12863 jet-equal-columns\" data-post-id=\"12863\"  >\t\t<div data-elementor-type=\"jet-listing-items\" data-elementor-id=\"11284\" class=\"elementor elementor-11284\" data-elementor-post-type=\"jet-engine\">\n\t\t\t\t<div class=\"elementor-element elementor-element-4c6b228 e-flex e-con-boxed e-con e-parent\" data-id=\"4c6b228\" data-element_type=\"container\" data-e-type=\"container\">\n\t\t\t\t\t<div class=\"e-con-inner\">\n\t\t<div class=\"elementor-element elementor-element-76e5bda e-con-full e-flex e-con e-child\" data-id=\"76e5bda\" data-element_type=\"container\" data-e-type=\"container\">\n\t\t<div class=\"elementor-element elementor-element-21285f2 e-con-full e-flex e-con e-child\" data-id=\"21285f2\" data-element_type=\"container\" data-e-type=\"container\">\n\t\t\t\t<div class=\"elementor-element elementor-element-7ce450d elementor-widget elementor-widget-heading\" data-id=\"7ce450d\" data-element_type=\"widget\" data-e-type=\"widget\" data-widget_type=\"heading.default\">\n\t\t\t\t\t<h2 class=\"elementor-heading-title elementor-size-default\">Natasha<\/h2>\t\t\t\t<\/div>\n\t\t\t\t<div class=\"elementor-element elementor-element-623912c elementor-widget elementor-widget-heading\" data-id=\"623912c\" data-element_type=\"widget\" data-e-type=\"widget\" data-widget_type=\"heading.default\">\n\t\t\t\t\t<h2 class=\"elementor-heading-title elementor-size-default\">VanWright<\/h2>\t\t\t\t<\/div>\n\t\t\t\t<\/div>\n\t\t\t\t<div class=\"elementor-element elementor-element-f3c3f6b elementor-widget elementor-widget-heading\" data-id=\"f3c3f6b\" data-element_type=\"widget\" data-e-type=\"widget\" data-widget_type=\"heading.default\">\n\t\t\t\t\t<div class=\"elementor-heading-title elementor-size-default\">RN, MBA, MS, MA, CCM<\/div>\t\t\t\t<\/div>\n\t\t\t\t<div class=\"elementor-element elementor-element-810154e elementor-widget elementor-widget-text-editor\" data-id=\"810154e\" data-element_type=\"widget\" data-e-type=\"widget\" data-widget_type=\"text-editor.default\">\n\t\t\t\t\t\t\t\t\t<p>Es enfermera titulada y ejecutiva senior en el \u00e1mbito de la salud, con 25 a\u00f1os de experiencia desarrollando y liderando programas cl\u00ednicos, de atenci\u00f3n basada en valor y de equidad en salud en m\u00faltiples estados. Natasha aporta una trayectoria diversa gracias a su trabajo en el hospital NYU; en sistemas de atenci\u00f3n ambulatoria como VNS Health, Urban Health Plan y Belong Health; as\u00ed como en el sector de seguros de salud en Wellcare\/Centene, Centerlight y Healthfirst.<\/p>\n<p>Es miembro activa del Consejo de Exalumnos Recientes del Cornell SC Johnson College of Business, de Westchester Women\u2019s Agenda, de la Association of Clinicians for the Underserved y de la National Black MBA Association.<\/p>\n<p>Obtuvo un MBA en el Cornell SC Johnson College of Business, una maestr\u00eda en Liderazgo en Salud del Weill Cornell Graduate School of Medical Sciences, una maestr\u00eda en Educaci\u00f3n en Enfermer\u00eda de Pace University, y t\u00edtulos universitarios de Pace University y Fordham University. Natasha se uni\u00f3 a la junta directiva de CHN en 2024.<\/p>\n\t\t\t\t\t\t\t\t<\/div>\n\t\t\t\t<\/div>\n\t\t\t\t\t<\/div>\n\t\t\t\t<\/div>\n\t\t\t\t<\/div>\n\t\t<\/div><div class=\"jet-listing-grid__item jet-listing-dynamic-post-11607 jet-equal-columns\" data-post-id=\"11607\"  >\t\t<div data-elementor-type=\"jet-listing-items\" data-elementor-id=\"11284\" class=\"elementor elementor-11284\" data-elementor-post-type=\"jet-engine\">\n\t\t\t\t<div class=\"elementor-element elementor-element-4c6b228 e-flex e-con-boxed e-con e-parent\" data-id=\"4c6b228\" data-element_type=\"container\" data-e-type=\"container\">\n\t\t\t\t\t<div class=\"e-con-inner\">\n\t\t<div class=\"elementor-element elementor-element-76e5bda e-con-full e-flex e-con e-child\" data-id=\"76e5bda\" data-element_type=\"container\" data-e-type=\"container\">\n\t\t<div class=\"elementor-element elementor-element-21285f2 e-con-full e-flex e-con e-child\" data-id=\"21285f2\" data-element_type=\"container\" data-e-type=\"container\">\n\t\t\t\t<div class=\"elementor-element elementor-element-7ce450d elementor-widget elementor-widget-heading\" data-id=\"7ce450d\" data-element_type=\"widget\" data-e-type=\"widget\" data-widget_type=\"heading.default\">\n\t\t\t\t\t<h2 class=\"elementor-heading-title elementor-size-default\">Roger <\/h2>\t\t\t\t<\/div>\n\t\t\t\t<div class=\"elementor-element elementor-element-623912c elementor-widget elementor-widget-heading\" data-id=\"623912c\" data-element_type=\"widget\" data-e-type=\"widget\" data-widget_type=\"heading.default\">\n\t\t\t\t\t<h2 class=\"elementor-heading-title elementor-size-default\">Platt<\/h2>\t\t\t\t<\/div>\n\t\t\t\t<\/div>\n\t\t\t\t<div class=\"elementor-element elementor-element-f3c3f6b elementor-widget elementor-widget-heading\" data-id=\"f3c3f6b\" data-element_type=\"widget\" data-e-type=\"widget\" data-widget_type=\"heading.default\">\n\t\t\t\t\t<div class=\"elementor-heading-title elementor-size-default\">MD<\/div>\t\t\t\t<\/div>\n\t\t\t\t<div class=\"elementor-element elementor-element-810154e elementor-widget elementor-widget-text-editor\" data-id=\"810154e\" data-element_type=\"widget\" data-e-type=\"widget\" data-widget_type=\"text-editor.default\">\n\t\t\t\t\t\t\t\t\t<p>recientemente dej\u00f3 su puesto como Directora de Salud Escolar de la Ciudad de Nueva York, una posici\u00f3n conjunta en el Departamento de Salud y Salud Mental y el Departamento de Educaci\u00f3n de la Ciudad. Internista, el Dr. Platt complet\u00f3 su residencia en el Centro M\u00e9dico Montefiore y dirigi\u00f3 la Red de Pr\u00e1ctica Comunitaria de Mount Sinai antes de dedicarse al servicio p\u00fablico. En la actualidad, el Dr. Platt es asesor de las Iniciativas de Salud Escolar de CHN. CHN cuenta actualmente con dos centros de salud escolares en Washington Heights, Manhattan, y Lower East Side.<\/p>\n\t\t\t\t\t\t\t\t<\/div>\n\t\t\t\t<\/div>\n\t\t\t\t\t<\/div>\n\t\t\t\t<\/div>\n\t\t\t\t<\/div>\n\t\t<\/div><\/div><\/div>\t\t\t\t<\/div>\n\t\t\t\t\t<\/div>\n\t\t\t\t<\/div>\n\t\t\t\t<\/div>\n\t\t","protected":false},"excerpt":{"rendered":"<p>Team Direcci\u00f3n ejecutiva Community Healthcare Network est\u00e1 dirigida por un equipo de profesionales dedicados a facilitar el acceso a la asistencia sanitaria a los habitantes de la ciudad de Nueva York. Cada miembro aporta a\u00f1os de experiencia y sus puntos fuertes \u00fanicos a su trabajo en CHN. Consejeros Como Centro de Salud Federalmente Cualificado, satisfacer [&hellip;]<\/p>\n","protected":false},"author":16,"featured_media":0,"parent":7670,"menu_order":0,"comment_status":"closed","ping_status":"closed","template":"elementor_header_footer","meta":{"footnotes":""},"class_list":["post-7672","page","type-page","status-publish","hentry"],"_links":{"self":[{"href":"https:\/\/www.chnnyc.org\/es\/wp-json\/wp\/v2\/pages\/7672","targetHints":{"allow":["GET"]}}],"collection":[{"href":"https:\/\/www.chnnyc.org\/es\/wp-json\/wp\/v2\/pages"}],"about":[{"href":"https:\/\/www.chnnyc.org\/es\/wp-json\/wp\/v2\/types\/page"}],"author":[{"embeddable":true,"href":"https:\/\/www.chnnyc.org\/es\/wp-json\/wp\/v2\/users\/16"}],"replies":[{"embeddable":true,"href":"https:\/\/www.chnnyc.org\/es\/wp-json\/wp\/v2\/comments?post=7672"}],"version-history":[{"count":0,"href":"https:\/\/www.chnnyc.org\/es\/wp-json\/wp\/v2\/pages\/7672\/revisions"}],"up":[{"embeddable":true,"href":"https:\/\/www.chnnyc.org\/es\/wp-json\/wp\/v2\/pages\/7670"}],"wp:attachment":[{"href":"https:\/\/www.chnnyc.org\/es\/wp-json\/wp\/v2\/media?parent=7672"}],"curies":[{"name":"wp","href":"https:\/\/api.w.org\/{rel}","templated":true}]}}